{"id":1074,"date":"2020-04-19T06:57:38","date_gmt":"2020-04-19T06:57:38","guid":{"rendered":"http:\/\/www.socialnesrdcom.sk\/?page_id=1074"},"modified":"2020-04-20T07:45:33","modified_gmt":"2020-04-20T07:45:33","slug":"covid-19","status":"publish","type":"page","link":"https:\/\/www.socialnesrdcom.sk\/?page_id=1074","title":{"rendered":"Covid-19"},"content":{"rendered":"<p><section class=\"kc-elm kc-css-747503 kc_row\"><div class=\"kc-row-container  kc-container\"><div class=\"kc-wrap-columns\"><div class=\"kc-elm kc-css-472230 kc_column kc_col-sm-12\"><div class=\"kc-col-container\"><div class=\"kc-elm kc-css-699984 kc_text_block\"><\/div><\/div><\/div><\/div><\/div><\/section><\/p>\n<p><a href=\"http:\/\/www.socialnesrdcom.sk\/wp-content\/uploads\/2020\/04\/KM-pre-ZSS-pocas-COVID-19.pdf\" target=\"_blank\" rel=\"noopener\">Kr\u00edzov\u00fd mana\u017ement pre pobytov\u00e9 zariadenia soci\u00e1lnych slu\u017eieb a zariadenia soci\u00e1lno-pr\u00e1vnej ochrany det\u00ed a soci\u00e1lnej kurately po\u010das pand\u00e9mie OCHORENIE (COVID-19)<\/a><\/p>\n<p><a href=\"http:\/\/www.socialnesrdcom.sk\/wp-content\/uploads\/2020\/04\/FuchsovaM_200417-134920-11a.pdf\" target=\"_blank\" rel=\"noopener\">Usmernenie pre odborn\u00edkov pracuj\u00facich v prvej l\u00ednii a ostatn\u00fdch os\u00f4b v \u00fazkom kontakte so symptomatick\u00fdmi osobami s potencion\u00e1lnym Covid-19<\/a><\/p>\n<p><a href=\"http:\/\/www.socialnesrdcom.sk\/wp-content\/uploads\/2020\/04\/Klinicky-protokol-indikacie-testovania-SARS-CoV-2-2020-v5.pdf\" target=\"_blank\" rel=\"noopener\">Klinick\u00fd protokol indik\u00e1ci\u00ed testovania SARS-CoV-2<\/a><\/p>\n<p>\n<section class=\"kc-elm kc_row\"><div class=\"kc-row-container  kc-container\"><div class=\"kc-wrap-columns\"><div class=\"kc-elm kc-css-285783 kc_col-sm-12 kc_column kc_col-sm-12\"><div class=\"kc-col-container\">\n\t<div class=\"kc-elm kc-css-843478 kc_shortcode kc_video_play kc_video_wrapper\" data-video=\"https:\/\/www.youtube.com\/watch?v=u34gJKdtrs0&amp;list=WL&amp;index=2&amp;t=0s\" data-width=\"600\" data-height=\"338.98305084746\" data-fullwidth=\"\" data-autoplay=\"\" data-loop=\"yes\" data-control=\"yes\" data-related=\"\" data-showinfo=\"\" data-kc-video-mute=\"\">\n\t\t\t<\/div>\n\n<\/div><\/div><\/div><\/div><\/section><\/p>\n","protected":false},"excerpt":{"rendered":"","protected":false},"author":2,"featured_media":0,"parent":0,"menu_order":0,"comment_status":"closed","ping_status":"closed","template":"","meta":{"footnotes":""},"class_list":["post-1074","page","type-page","status-publish","hentry"],"_links":{"self":[{"href":"https:\/\/www.socialnesrdcom.sk\/index.php?rest_route=\/wp\/v2\/pages\/1074","targetHints":{"allow":["GET"]}}],"collection":[{"href":"https:\/\/www.socialnesrdcom.sk\/index.php?rest_route=\/wp\/v2\/pages"}],"about":[{"href":"https:\/\/www.socialnesrdcom.sk\/index.php?rest_route=\/wp\/v2\/types\/page"}],"author":[{"embeddable":true,"href":"https:\/\/www.socialnesrdcom.sk\/index.php?rest_route=\/wp\/v2\/users\/2"}],"replies":[{"embeddable":true,"href":"https:\/\/www.socialnesrdcom.sk\/index.php?rest_route=%2Fwp%2Fv2%2Fcomments&post=1074"}],"version-history":[{"count":2,"href":"https:\/\/www.socialnesrdcom.sk\/index.php?rest_route=\/wp\/v2\/pages\/1074\/revisions"}],"predecessor-version":[{"id":1080,"href":"https:\/\/www.socialnesrdcom.sk\/index.php?rest_route=\/wp\/v2\/pages\/1074\/revisions\/1080"}],"wp:attachment":[{"href":"https:\/\/www.socialnesrdcom.sk\/index.php?rest_route=%2Fwp%2Fv2%2Fmedia&parent=1074"}],"curies":[{"name":"wp","href":"https:\/\/api.w.org\/{rel}","templated":true}]}}