{"id":109,"date":"2020-02-03T12:54:16","date_gmt":"2020-02-03T12:54:16","guid":{"rendered":"http:\/\/www.socialnesrdcom.sk\/?page_id=109"},"modified":"2023-01-18T15:57:36","modified_gmt":"2023-01-18T13:57:36","slug":"podmienky-prijatia-do-centra","status":"publish","type":"page","link":"https:\/\/www.socialnesrdcom.sk\/?page_id=109","title":{"rendered":"Podmienky prijatia do Centra"},"content":{"rendered":"<section class=\"kc-elm kc-css-405106 kc_row\"><div class=\"kc-row-container  kc-container\"><div class=\"kc-wrap-columns\"><div class=\"kc-elm kc-css-246719 kc_column kc_col-sm-12\"><div class=\"kc-col-container\"><div class=\"kc-elm kc-css-674905 kc_text_block\">\n<div id=\"imCellStyle_14\" data-responsive-sequence-number=\"2\">\n<div id=\"imTextObject_14\">\n<div id=\"imTextObject_14_tab0\" class=\"text-tab-content\">\n<div class=\"text-inner\">\n<div style=\"text-align: justify;\"><span class=\"fs16 cf1\"><b> Podmienky prijatia<\/b><br \/><\/span><\/div>\n<div style=\"text-align: justify;\"><span class=\"fs16 cf1\">Poskytovanie soci\u00e1lnych slu\u017eieb, ako aj proces prij\u00edmania ob\u010danov do zariadenia soci\u00e1lnych slu\u017eieb pre fyzick\u00e9 osoby odk\u00e1zan\u00e9 na pomoc inej fyzickej osoby je dan\u00e9 z\u00e1konom \u010d. 448\/2008 Z. z. o soci\u00e1lnych slu\u017eb\u00e1ch a o zmene a doplnen\u00ed z\u00e1kona \u010d. 455\/1991 o \u017eivnostenskom podnikan\u00ed v znen\u00ed neskor\u0161\u00edch predpisov.<\/span><\/div>\n<div style=\"text-align: justify;\">\n<div><span class=\"fs16\"><span class=\"cf1\"><br \/>Z\u00e1ujemca o slu\u017eby n\u00e1\u0161ho zariadenia, mus\u00ed splni\u0165 ur\u010dit\u00e9 z\u00e1konom stanoven\u00e9 n\u00e1le\u017eitosti. V prvom rade je potrebn\u00e9 vyplni\u0165 \u017diados\u0165 o pos\u00fadenie odk\u00e1zanosti na soci\u00e1lnu slu\u017ebu, ktor\u00fa je mo\u017en\u00e9 z\u00edska\u0165 od soci\u00e1lnej pracovn\u00ed\u010dku CSS, resp. si ju stiahnu\u0165 priamo z na\u0161ej webovej str\u00e1nky (spolu s in\u00fdmi dokumentmi). Po vyplnen\u00ed dostane ka\u017ed\u00fd z\u00e1ujemca, resp. z\u00e1konn\u00fd z\u00e1stupca od soci\u00e1lnej pracovn\u00ed\u010dky CSS v\u0161etky potrebn\u00e9 inform\u00e1cie oh\u013eadom poskytovan\u00fdch slu\u017eieb a \u010fal\u0161\u00edch potrebn\u00fdch dokladov, ktor\u00e9 treba k \u017eiadosti dolo\u017ei\u0165. Po vyplnen\u00ed \u017eiadosti a dolo\u017een\u00ed potrebn\u00fdch podkladov sa dokumenty odosielaj\u00fa na Odbor soci\u00e1lny \u00daradu Pre\u0161ovsk\u00e9ho samospr\u00e1vneho kraja, kde na z\u00e1klade lek\u00e1rskeho posudku a soci\u00e1lneho posudku sa vyhotovuje komplexn\u00fd posudok o odk\u00e1zanosti na soci\u00e1lnu slu\u017ebu. PSK vyd\u00e1 v s\u00falade s \u00a7 51 z\u00e1kona \u010d. 448\/2008 Z.z. o soci\u00e1lnych slu\u017eb\u00e1ch v znen\u00ed neskor\u0161\u00edch predpisov Rozhodnutie o odk\u00e1zanosti na poskytovanie soci\u00e1lnych slu\u017eieb v Centre soci\u00e1lnych slu\u017eieb.<\/span><\/span><\/div>\n<div><span class=\"fs16\"><span class=\"cf1\"><br \/>Po obdr\u017ean\u00ed pr\u00e1voplatn\u00e9ho Rozhodnutia o odk\u00e1zanosti na soci\u00e1lnu slu\u017ebu fyzick\u00e1 osoba, resp. jej z\u00e1k. z\u00e1stupca alebo ur\u010den\u00e1 osoba p\u00edsomne<br \/>po\u017eiada Centrum soci\u00e1lnych slu\u017eieb \u00a0o uzatvorenie Zmluvy o poskytovan\u00ed soci\u00e1lnej slu\u017eby.<\/span><\/span><\/div>\n<div>\u00a0<\/div>\n<div><span class=\"fs16\"><b><span class=\"cf2\">Potrebn\u00e9 dokumenty:<\/span><\/b><\/span><\/div>\n<div><a href=\"http:\/\/www.socialnesrdcom.sk\/wp-content\/uploads\/2020\/02\/ziadost-o-posudenie-odkazanosti.pdf\" target=\"_blank\" rel=\"noopener\"><span class=\"fs16\"><span class=\"cf1\">\u017diados\u0165 o pos\u00fadenie odk\u00e1zanosti na soci\u00e1lnu slu\u017ebu<\/span><\/span><\/a><span class=\"fs16\"><span class=\"cf1\"><br \/><\/span><\/span><\/div>\n<div><a href=\"http:\/\/www.socialnesrdcom.sk\/wp-content\/uploads\/2020\/02\/lekarsky-nalez.pdf\" target=\"_blank\" rel=\"noopener\"><span class=\"fs16\"><span class=\"cf1\">Lek\u00e1rsky n\u00e1lez na \u00fa\u010dely pos\u00fadenia odk\u00e1zanosti na soci\u00e1lnu slu\u017ebu<\/span><\/span><\/a><\/div>\n<div><a href=\"http:\/\/www.socialnesrdcom.sk\/wp-content\/uploads\/2020\/02\/ziadost-o-uzatvorenie-zmluvy.pdf\" target=\"_blank\" rel=\"noopener\"><span class=\"fs16\"><span class=\"cf1\">\u017diados\u0165 o uzatvorenie zmluvy o poskytovan\u00ed soci\u00e1lnej slu\u017eby<\/span><\/span><\/a><\/div>\n<div><a href=\"http:\/\/www.socialnesrdcom.sk\/wp-content\/uploads\/2020\/02\/suhlas-prijimatela.pdf\" target=\"_blank\" rel=\"noopener\"><span class=\"fs16\"><span class=\"cf1\">S\u00fahlas prij\u00edmate\u013ea<\/span><\/span><\/a><\/div>\n<\/div>\n<div style=\"text-align: justify;\"><a href=\"http:\/\/www.socialnesrdcom.sk\/?page_id=1984\">Nahr\u00e1vka zmluvy o poskytovan\u00ed soci\u00e1lnej slu\u017eby<\/a><\/div>\n<\/div>\n<\/div>\n<\/div>\n<\/div>\n<\/div><div class=\"kc-elm kc-css-394036 kc_text_block\">\n<p>\n<a href=\"http:\/\/www.socialnesrdcom.sk\/\">&lt; sp\u00e4\u0165<\/a><\/p>\n<\/div><\/div><\/div><\/div><\/div><\/section>\n","protected":false},"excerpt":{"rendered":"","protected":false},"author":2,"featured_media":0,"parent":0,"menu_order":0,"comment_status":"closed","ping_status":"closed","template":"","meta":{"footnotes":""},"class_list":["post-109","page","type-page","status-publish","hentry"],"_links":{"self":[{"href":"https:\/\/www.socialnesrdcom.sk\/index.php?rest_route=\/wp\/v2\/pages\/109","targetHints":{"allow":["GET"]}}],"collection":[{"href":"https:\/\/www.socialnesrdcom.sk\/index.php?rest_route=\/wp\/v2\/pages"}],"about":[{"href":"https:\/\/www.socialnesrdcom.sk\/index.php?rest_route=\/wp\/v2\/types\/page"}],"author":[{"embeddable":true,"href":"https:\/\/www.socialnesrdcom.sk\/index.php?rest_route=\/wp\/v2\/users\/2"}],"replies":[{"embeddable":true,"href":"https:\/\/www.socialnesrdcom.sk\/index.php?rest_route=%2Fwp%2Fv2%2Fcomments&post=109"}],"version-history":[{"count":16,"href":"https:\/\/www.socialnesrdcom.sk\/index.php?rest_route=\/wp\/v2\/pages\/109\/revisions"}],"predecessor-version":[{"id":2208,"href":"https:\/\/www.socialnesrdcom.sk\/index.php?rest_route=\/wp\/v2\/pages\/109\/revisions\/2208"}],"wp:attachment":[{"href":"https:\/\/www.socialnesrdcom.sk\/index.php?rest_route=%2Fwp%2Fv2%2Fmedia&parent=109"}],"curies":[{"name":"wp","href":"https:\/\/api.w.org\/{rel}","templated":true}]}}