{"id":1106,"date":"2020-06-03T09:00:54","date_gmt":"2020-06-03T09:00:54","guid":{"rendered":"http:\/\/www.socialnesrdcom.sk\/?page_id=1106"},"modified":"2020-06-03T09:05:00","modified_gmt":"2020-06-03T09:05:00","slug":"protispolocenska-cinnost","status":"publish","type":"page","link":"https:\/\/www.socialnesrdcom.sk\/?page_id=1106","title":{"rendered":"Protispolo\u010densk\u00e1 \u010dinnos\u0165"},"content":{"rendered":"<section class=\"kc-elm kc-css-246945 kc_row\"><div class=\"kc-row-container  kc-container\"><div class=\"kc-wrap-columns\"><div class=\"kc-elm kc-css-458177 kc_column kc_col-sm-12\"><div class=\"kc-col-container\"><div class=\"kc-elm kc-css-606994 kc_text_block\">\n<p><strong>Z\u00e1kon \u010d. 54\/2019 Z.z. o ochrane oznamovate\u013eov <\/strong><strong>protispolo\u010denskej \u010dinnosti a o zmene a doplnen\u00ed niektor\u00fdch z\u00e1konov:<\/strong><\/p>\n<p>Pod\u00e1vanie, preverovanie a evidovanie podnetov pod\u00e1van\u00fdch v zmysle vy\u0161\u0161ie uveden\u00e9ho z\u00e1kona:<\/p>\n<ul>\n<li>Zodpovedn\u00e1 osoba: Hlavn\u00fd kontrol\u00f3r PSK<\/li>\n<\/ul>\n<p><strong>Sp\u00f4sob pod\u00e1vania podnetov:<\/strong><\/p>\n<ul>\n<li>p\u00edsomne &#8211; zasiela sa na adresu \u00faradu PSK &#8211; \u00a0hlavn\u00fd kontrol\u00f3r, N\u00e1mestie mieru \u010d. 2, 080 01 Pre\u0161ov<\/li>\n<\/ul>\n<p>Ob\u00e1lka s ozn\u00e1men\u00edm mus\u00ed by\u0165 ozna\u010den\u00e1:<\/p>\n<p><strong>&#8222;Ozn\u00e1menie &#8211; protispolo\u010densk\u00e1 \u010dinnos\u0165 &#8211; NEOTV\u00c1RA\u0164&#8220;<\/strong><\/p>\n<ul>\n<li>\u00fastne \u00a0do z\u00e1znamu &#8211; podanie mo\u017eno uskuto\u010dni\u0165 prostredn\u00edctvom zodpovednej osoby<\/li>\n<li>elektronickou formou prostredn\u00edctvom zodpovednej osoby: opsc@vucpo.sk<\/li>\n<\/ul>\n<\/div><\/div><\/div><\/div><\/div><\/section>\n","protected":false},"excerpt":{"rendered":"","protected":false},"author":2,"featured_media":0,"parent":0,"menu_order":0,"comment_status":"closed","ping_status":"closed","template":"","meta":{"footnotes":""},"class_list":["post-1106","page","type-page","status-publish","hentry"],"_links":{"self":[{"href":"https:\/\/www.socialnesrdcom.sk\/index.php?rest_route=\/wp\/v2\/pages\/1106","targetHints":{"allow":["GET"]}}],"collection":[{"href":"https:\/\/www.socialnesrdcom.sk\/index.php?rest_route=\/wp\/v2\/pages"}],"about":[{"href":"https:\/\/www.socialnesrdcom.sk\/index.php?rest_route=\/wp\/v2\/types\/page"}],"author":[{"embeddable":true,"href":"https:\/\/www.socialnesrdcom.sk\/index.php?rest_route=\/wp\/v2\/users\/2"}],"replies":[{"embeddable":true,"href":"https:\/\/www.socialnesrdcom.sk\/index.php?rest_route=%2Fwp%2Fv2%2Fcomments&post=1106"}],"version-history":[{"count":2,"href":"https:\/\/www.socialnesrdcom.sk\/index.php?rest_route=\/wp\/v2\/pages\/1106\/revisions"}],"predecessor-version":[{"id":1109,"href":"https:\/\/www.socialnesrdcom.sk\/index.php?rest_route=\/wp\/v2\/pages\/1106\/revisions\/1109"}],"wp:attachment":[{"href":"https:\/\/www.socialnesrdcom.sk\/index.php?rest_route=%2Fwp%2Fv2%2Fmedia&parent=1106"}],"curies":[{"name":"wp","href":"https:\/\/api.w.org\/{rel}","templated":true}]}}