{"id":1115,"date":"2020-06-03T09:11:32","date_gmt":"2020-06-03T09:11:32","guid":{"rendered":"http:\/\/www.socialnesrdcom.sk\/?page_id=1115"},"modified":"2021-07-15T18:54:19","modified_gmt":"2021-07-15T18:54:19","slug":"gpdr","status":"publish","type":"page","link":"https:\/\/www.socialnesrdcom.sk\/?page_id=1115","title":{"rendered":"GPDR"},"content":{"rendered":"<section class=\"kc-elm kc-css-574018 kc_row\"><div class=\"kc-row-container  kc-container\"><div class=\"kc-wrap-columns\"><div class=\"kc-elm kc-css-280754 kc_column kc_col-sm-12\"><div class=\"kc-col-container\"><div class=\"kc-elm kc-css-424774 kc_text_block\">\n<p><a href=\"http:\/\/www.socialnesrdcom.sk\/wp-content\/uploads\/2021\/07\/informacna-povinnost-cl.13-GDPR-dodatok-c.-2-2021.pdf\" target=\"_blank\" rel=\"noopener\">informa\u010dn\u00e1 povinnos\u0165 \u010dl.13 GDPR &#8211; dodatok \u010d. 2 &#8211; 2021<\/a><\/p>\n<\/div><\/div><\/div><\/div><\/div><\/section>\n","protected":false},"excerpt":{"rendered":"","protected":false},"author":2,"featured_media":0,"parent":0,"menu_order":0,"comment_status":"closed","ping_status":"closed","template":"","meta":{"footnotes":""},"class_list":["post-1115","page","type-page","status-publish","hentry"],"_links":{"self":[{"href":"https:\/\/www.socialnesrdcom.sk\/index.php?rest_route=\/wp\/v2\/pages\/1115","targetHints":{"allow":["GET"]}}],"collection":[{"href":"https:\/\/www.socialnesrdcom.sk\/index.php?rest_route=\/wp\/v2\/pages"}],"about":[{"href":"https:\/\/www.socialnesrdcom.sk\/index.php?rest_route=\/wp\/v2\/types\/page"}],"author":[{"embeddable":true,"href":"https:\/\/www.socialnesrdcom.sk\/index.php?rest_route=\/wp\/v2\/users\/2"}],"replies":[{"embeddable":true,"href":"https:\/\/www.socialnesrdcom.sk\/index.php?rest_route=%2Fwp%2Fv2%2Fcomments&post=1115"}],"version-history":[{"count":3,"href":"https:\/\/www.socialnesrdcom.sk\/index.php?rest_route=\/wp\/v2\/pages\/1115\/revisions"}],"predecessor-version":[{"id":1671,"href":"https:\/\/www.socialnesrdcom.sk\/index.php?rest_route=\/wp\/v2\/pages\/1115\/revisions\/1671"}],"wp:attachment":[{"href":"https:\/\/www.socialnesrdcom.sk\/index.php?rest_route=%2Fwp%2Fv2%2Fmedia&parent=1115"}],"curies":[{"name":"wp","href":"https:\/\/api.w.org\/{rel}","templated":true}]}}