{"id":1347,"date":"2020-09-26T06:38:00","date_gmt":"2020-09-26T06:38:00","guid":{"rendered":"http:\/\/www.socialnesrdcom.sk\/?page_id=1347"},"modified":"2025-06-30T15:17:28","modified_gmt":"2025-06-30T13:17:28","slug":"vyrocne-spravy","status":"publish","type":"page","link":"https:\/\/www.socialnesrdcom.sk\/?page_id=1347","title":{"rendered":"V\u00fdro\u010dn\u00e9 spr\u00e1vy"},"content":{"rendered":"<section class=\"kc-elm kc-css-685062 kc_row\"><div class=\"kc-row-container  kc-container\"><div class=\"kc-wrap-columns\"><div class=\"kc-elm kc-css-603121 kc_column kc_col-sm-12\"><div class=\"kc-col-container\"><div class=\"kc-elm kc-css-337337 kc_text_block\">\n<p><a href=\"https:\/\/www.socialnesrdcom.sk\/wp-content\/uploads\/2025\/06\/Vyrocna-sprava-rok-2024.pdf\" target=\"_blank\" rel=\"noopener\">V\u00fdro\u010dn\u00e1 spr\u00e1va 2024.pdf<\/a><\/p>\n<p><a href=\"http:\/\/www.socialnesrdcom.sk\/wp-content\/uploads\/2024\/06\/Vyrocna-sprava-rok-2023.pdf\" target=\"_blank\" rel=\"noopener\">V\u00fdro\u010dn\u00e1 spr\u00e1va 2023.pdf<\/a><\/p>\n<p><a href=\"http:\/\/www.socialnesrdcom.sk\/wp-content\/uploads\/2023\/06\/Vyrocna-sprava-2022-final.pdf\" target=\"_blank\" rel=\"noopener\">V\u00fdro\u010dn\u00e1 spr\u00e1va 2022.pdf<\/a><\/p>\n<p><a href=\"http:\/\/www.socialnesrdcom.sk\/wp-content\/uploads\/2022\/06\/Vyrocna-sprava-2021.pdf\" target=\"_blank\" rel=\"noopener\">V\u00fdro\u010dn\u00e1 spr\u00e1va 2021.pdf<\/a><\/p>\n<p><a href=\"http:\/\/www.socialnesrdcom.sk\/wp-content\/uploads\/2021\/07\/Vyrocna-sprava-2020.pdf\">V\u00fdro\u010dn\u00e1 spr\u00e1va 2020.pdf<\/a><\/p>\n<p><a href=\"http:\/\/www.socialnesrdcom.sk\/wp-content\/uploads\/2020\/09\/Vyrocna-sprava-2019.pdf\" target=\"_blank\" rel=\"noopener\">V\u00fdro\u010dn\u00e1 spr\u00e1va 2019.pdf<\/a><\/p>\n<p><a href=\"http:\/\/www.socialnesrdcom.sk\/wp-content\/uploads\/2020\/09\/Vyrocna-sprava-2018.pdf\" target=\"_blank\" rel=\"noopener\">V\u00fdro\u010dn\u00e1 spr\u00e1va 2018.pdf<\/a><\/p>\n<\/div><\/div><\/div><\/div><\/div><\/section>\n","protected":false},"excerpt":{"rendered":"","protected":false},"author":2,"featured_media":0,"parent":0,"menu_order":0,"comment_status":"closed","ping_status":"closed","template":"","meta":{"footnotes":""},"class_list":["post-1347","page","type-page","status-publish","hentry"],"_links":{"self":[{"href":"https:\/\/www.socialnesrdcom.sk\/index.php?rest_route=\/wp\/v2\/pages\/1347","targetHints":{"allow":["GET"]}}],"collection":[{"href":"https:\/\/www.socialnesrdcom.sk\/index.php?rest_route=\/wp\/v2\/pages"}],"about":[{"href":"https:\/\/www.socialnesrdcom.sk\/index.php?rest_route=\/wp\/v2\/types\/page"}],"author":[{"embeddable":true,"href":"https:\/\/www.socialnesrdcom.sk\/index.php?rest_route=\/wp\/v2\/users\/2"}],"replies":[{"embeddable":true,"href":"https:\/\/www.socialnesrdcom.sk\/index.php?rest_route=%2Fwp%2Fv2%2Fcomments&post=1347"}],"version-history":[{"count":8,"href":"https:\/\/www.socialnesrdcom.sk\/index.php?rest_route=\/wp\/v2\/pages\/1347\/revisions"}],"predecessor-version":[{"id":4610,"href":"https:\/\/www.socialnesrdcom.sk\/index.php?rest_route=\/wp\/v2\/pages\/1347\/revisions\/4610"}],"wp:attachment":[{"href":"https:\/\/www.socialnesrdcom.sk\/index.php?rest_route=%2Fwp%2Fv2%2Fmedia&parent=1347"}],"curies":[{"name":"wp","href":"https:\/\/api.w.org\/{rel}","templated":true}]}}