{"id":15,"date":"2020-01-29T12:25:47","date_gmt":"2020-01-29T12:25:47","guid":{"rendered":"http:\/\/www.socialnesrdcom.sk\/?page_id=15"},"modified":"2026-04-17T09:37:13","modified_gmt":"2026-04-17T07:37:13","slug":"socialne-srdcom","status":"publish","type":"page","link":"https:\/\/www.socialnesrdcom.sk\/","title":{"rendered":"Soci\u00e1lne srdcom"},"content":{"rendered":"<p><section id=\"placeholder+pre+akcie+na+vrch+homepage\" class=\"kc-elm kc-css-63578 kc_row\"><div class=\"kc-row-container  kc-container\"><div class=\"kc-wrap-columns\"><div class=\"kc-elm kc-css-773276 kc_col-sm-12 kc_column kc_col-sm-12\"><div class=\"kc-col-container\"><div class=\"kc-elm kc-css-536563\" style=\"height: 40px; clear: both; width:100%;\"><\/div><div class=\"kc-elm kc-css-711516 kc_shortcode kc_single_image\">\n\n        <img decoding=\"async\" src=\"https:\/\/www.socialnesrdcom.sk\/wp-content\/uploads\/2024\/03\/Velkonocny-pozdrav-2024.jpg\" class=\"\" alt=\"\" \/>    <\/div>\n<\/div><\/div><\/div><\/div><\/section><section class=\"kc-elm kc-css-958603 kc_row\"><div class=\"kc-row-container  kc-container\"><div class=\"kc-wrap-columns\"><div class=\"kc-elm kc-css-620439 kc_col-sm-12 kc_column kc_col-sm-12\"><div class=\"kc-col-container\"><div class=\"kc-elm kc-css-357489\" style=\"height: 40px; clear: both; width:100%;\"><\/div><div class=\"kc-elm kc-css-395625 kc_text_block\"><\/div><\/div><\/div><\/div><\/div><\/section><\/p>\n<p>\n<span class=\"cf1\"><strong><span style=\"line-height: 31px;\"><span style=\"line-height: 31px;\"><span class=\"fs24\">&#8222;SOCI<\/span><\/span><\/span><\/strong><span style=\"line-height: 31px;\"><strong><span class=\"fs24\">\u00c1LNE SLU\u017dBY S<\/span><\/strong><span style=\"line-height: 33px;\"><span class=\"fs24\"><strong>RDCOM&#8220;<\/strong> &#8211; <\/span><span class=\"fs21\">t<\/span><span class=\"fs21\">oto zariadenie poskytuje soci\u00e1lne slu\u017eby klientom &#8211; mal\u00fdm aj ve\u013ek\u00fdm, v\u0161etk\u00fdm t\u00fdm, ktor\u00fdch zdravotn\u00fd stav je nepriazniv\u00fd, alebo sa nach\u00e1dzaj\u00fa v nepriaznivej soci\u00e1lnej situ\u00e1cii a potrebuj\u00fa na\u0161u pomoc a podporu&#8230;<\/span><\/span><\/span><\/span><\/p>\n<p><span class=\"fs15\"><span style=\"line-height: 28px;\"><span class=\"fs13 cf1\"><span style=\"line-height: 31px;\">Zria\u010fovate\u013eom centra je Pre\u0161ovsk\u00fd samospr\u00e1vny kraj<\/span> <\/span><\/span><\/span><\/p>\n<p>\n<div class=\"kc-elm kc-css-599968\" style=\"height: 20px; clear: both; width:100%;\"><\/div><section class=\"kc-elm kc-css-845154 kc_row\"><div class=\"kc-row-container  kc-container\"><div class=\"kc-wrap-columns\"><div class=\"kc-elm kc-css-816094 kc_col-sm-4 kc_column kc_col-sm-4\"><div class=\"kc-col-container\"><div class=\"kc-elm kc-css-774924 kc_text_block\"><\/div><\/div><\/div><\/div><\/div><\/section><\/p>\n<div id=\"imCellStyle_3\" data-responsive-sequence-number=\"5\">\n<div id=\"imTextObject_3\">\n<div id=\"imTextObject_3_tab0\" class=\"text-tab-content\">\n<div class=\"text-inner\">\n<div style=\"text-align: left;\"><strong><span class=\"fs21 cf1\">PR\u00c1VA <\/span><\/strong><\/div>\n<div><strong><span class=\"fs21 cf1\">MENT\u00c1LNE POSTIHNUT\u00ddCH KLIENTOV<\/span><\/strong><\/div>\n<div><\/div>\n<\/div>\n<\/div>\n<\/div>\n<\/div>\n<p>\n<div class=\"kc-elm kc-css-299654 kc_shortcode kc_single_image\">\n\n        <img decoding=\"async\" src=\"https:\/\/www.socialnesrdcom.sk\/wp-content\/uploads\/2020\/01\/prava.jpg\" class=\"\" alt=\"\" \/>    <\/div>\n<div class=\"kc-elm kc-css-687959 kc_text_block\"><\/div><\/p>\n<div id=\"imCellStyle_10\" data-responsive-sequence-number=\"11\">\n<div id=\"imTextObject_10\">\n<div id=\"imTextObject_10_tab0\" class=\"text-tab-content\">\n<div class=\"text-inner\">\n<div><\/div>\n<div><span class=\"fs16 cf1\"><span style=\"line-height: 28px;\">M<\/span><span style=\"line-height: 20px;\">ent\u00e1lne postihnut\u00fd ob\u010dan m\u00e1 \u017ei\u0165 so svojou vlastnou rodinou alebo <\/span><\/span><span class=\"fs16 cf1\">v zariaden\u00ed, kde podmienky tohto zariadenia musia by\u0165 \u010do najviac podobn\u00e9 norm\u00e1lnemu \u017eivotu.<\/span><\/div>\n<\/div>\n<\/div>\n<\/div>\n<\/div>\n<p>\n<div class=\"kc-elm kc-css-486376 kc_text_block\"><\/div><\/p>\n<p>\n<a href=\"http:\/\/www.socialnesrdcom.sk\/?page_id=87\">Viac info&#8230;<\/a><\/p>\n<p>\n<div class=\"kc-elm kc-css-658538 kc_col-sm-4 kc_column kc_col-sm-4\"><div class=\"kc-col-container\"><div class=\"kc-elm kc-css-581796 kc_text_block\"><\/div><\/div><\/div><\/p>\n<div id=\"imCellStyle_4\" data-responsive-sequence-number=\"7\">\n<div id=\"imTextObject_4\">\n<div id=\"imTextObject_4_tab0\" class=\"text-tab-content\">\n<div class=\"text-inner\">\n<div style=\"text-align: left;\"><strong><span class=\"fs21 cf1\">AMBULANTN\u00c1 <\/span><span class=\"fs21 cf1\">A CELORO\u010cN\u00c1<\/span><\/strong><\/div>\n<div style=\"text-align: left;\"><strong><span class=\"fs21 cf1\">POBYTOV\u00c1 STAROSTLIVOS\u0164<\/span><\/strong><\/div>\n<div style=\"text-align: left;\"><span class=\"fs21 cf1\">\u00a0<\/span><\/div>\n<\/div>\n<\/div>\n<\/div>\n<\/div>\n<p>\n<div class=\"kc-elm kc-css-406798 kc_shortcode kc_single_image\">\n\n        <img decoding=\"async\" src=\"https:\/\/www.socialnesrdcom.sk\/wp-content\/uploads\/2020\/01\/ambulatna.jpg\" class=\"\" alt=\"\" \/>    <\/div>\n<div class=\"kc-elm kc-css-741109 kc_text_block\"><\/div><\/p>\n<div><\/div>\n<div style=\"text-align: left;\"><span class=\"fs16\"><span class=\"cf1\">Poskytujeme dve formy starostlivosti. A<\/span><span class=\"cf1\">mbulantn\u00e1 forma &#8211; poskytovanie odborn\u00fdch, obslu\u017en\u00fdch a \u010fal\u0161\u00edch \u010dinnost\u00ed. <\/span><span class=\"cf1\">Celoro\u010dn\u00e1 pobytov\u00e1 forma &#8211; pobytov\u00e1 soci\u00e1lna slu\u017eba, poskytovanie odborn\u00fdch, obslu\u017en\u00fdch a \u010fal\u0161\u00edch \u010dinnost\u00ed.<\/span><\/span><\/div>\n<p>\n<div class=\"kc-elm kc-css-115847 kc_text_block\"><\/div><\/p>\n<p>\n<a href=\"http:\/\/www.socialnesrdcom.sk\/?page_id=98\">Viac info&#8230;<\/a><\/p>\n<p>\n<div class=\"kc-elm kc-css-139032 kc_col-sm-4 kc_column kc_col-sm-4\"><div class=\"kc-col-container\"><div class=\"kc-elm kc-css-702474 kc_text_block\"><\/div><\/div><\/div><\/p>\n<div id=\"imCellStyle_5\" data-responsive-sequence-number=\"13\">\n<div id=\"imTextObject_5\">\n<div id=\"imTextObject_5_tab0\" class=\"text-tab-content\">\n<div class=\"text-inner\">\n<div style=\"text-align: left;\"><strong><span class=\"fs16 cf1\">PODMIENKY <\/span><\/strong><\/div>\n<div><strong><span class=\"fs16 cf1\">PRIJATIA DO CENTRA<\/span><\/strong><\/div>\n<div><span class=\"fs16 cf1\">\u00a0<\/span><\/div>\n<\/div>\n<\/div>\n<\/div>\n<\/div>\n<p>\n<div class=\"kc-elm kc-css-658462 kc_shortcode kc_single_image\">\n\n        <img decoding=\"async\" src=\"https:\/\/www.socialnesrdcom.sk\/wp-content\/uploads\/2020\/01\/podmienky.jpg\" class=\"\" alt=\"\" \/>    <\/div>\n<div class=\"kc-elm kc-css-938498 kc_text_block\"><\/div><\/p>\n<div><span class=\"fs16 cf1\">\u00a0<\/span><\/div>\n<div><span class=\"fs16 cf1\">Pre podrobn\u00e9 inform\u00e1cie kontaktujte na\u0161u soci\u00e1lnu pracovn\u00ed\u010dku. \u00darad Pre\u0161ovsk\u00e9ho samospr\u00e1vneho kraja rozhodne o odk\u00e1zanosti \u017eiadate\u013ea na poskytovanie soci\u00e1lnych slu\u017eieb v Centre soci\u00e1lnych slu\u017eieb.<\/span><\/div>\n<p>\n<div class=\"kc-elm kc-css-37850 kc_text_block\"><\/div><\/p>\n<p>\n<a href=\"http:\/\/www.socialnesrdcom.sk\/?page_id=109\">Viac info&#8230;<\/a><\/p>\n<p>\n<section class=\"kc-elm kc-css-490404 kc_row\"><div class=\"kc-row-container  kc-container\"><div class=\"kc-wrap-columns\"><div class=\"kc-elm kc-css-621930 kc_col-sm-12 kc_column kc_col-sm-12\"><div class=\"kc-col-container\"><div class=\"kc-elm kc-css-792323 kc_shortcode kc_single_image\">\n\n        <img decoding=\"async\" src=\"https:\/\/www.socialnesrdcom.sk\/wp-content\/uploads\/2020\/02\/ruky.jpg\" class=\"\" alt=\"\" \/>    <\/div>\n<\/div><\/div><\/div><\/div><\/section><section class=\"kc-elm kc-css-362021 kc_row\"><div class=\"kc-row-container  kc-container\"><div class=\"kc-wrap-columns\"><div class=\"kc-elm kc-css-485068 kc_col-sm-6 kc_column kc_col-sm-6\"><div class=\"kc-col-container\"><div class=\"kc-elm kc-css-873766 kc_text_block\"><\/div><\/div><\/div><\/div><\/div><\/section><\/p>\n<p style=\"text-align: center;\"><strong><a href=\"http:\/\/www.socialnesrdcom.sk\/?page_id=211\">Inform\u00e1cie o \u00fahrade za slu\u017eby poskytovan\u00e9 v CSS<\/a><\/strong><\/p>\n<p>\n<div class=\"kc-elm kc-css-929728 kc_col-sm-6 kc_column kc_col-sm-6\"><div class=\"kc-col-container\"><div class=\"kc-elm kc-css-35322 kc_text_block\"><\/div><\/div><\/div><\/p>\n<p style=\"text-align: center;\"><strong><a href=\"http:\/\/www.socialnesrdcom.sk\/?page_id=218\">Inform\u00e1cie o verejnom obstar\u00e1van\u00ed<\/a><\/strong><\/p>\n\n","protected":false},"excerpt":{"rendered":"","protected":false},"author":2,"featured_media":0,"parent":0,"menu_order":0,"comment_status":"closed","ping_status":"closed","template":"","meta":{"footnotes":""},"class_list":["post-15","page","type-page","status-publish","hentry"],"_links":{"self":[{"href":"https:\/\/www.socialnesrdcom.sk\/index.php?rest_route=\/wp\/v2\/pages\/15","targetHints":{"allow":["GET"]}}],"collection":[{"href":"https:\/\/www.socialnesrdcom.sk\/index.php?rest_route=\/wp\/v2\/pages"}],"about":[{"href":"https:\/\/www.socialnesrdcom.sk\/index.php?rest_route=\/wp\/v2\/types\/page"}],"author":[{"embeddable":true,"href":"https:\/\/www.socialnesrdcom.sk\/index.php?rest_route=\/wp\/v2\/users\/2"}],"replies":[{"embeddable":true,"href":"https:\/\/www.socialnesrdcom.sk\/index.php?rest_route=%2Fwp%2Fv2%2Fcomments&post=15"}],"version-history":[{"count":116,"href":"https:\/\/www.socialnesrdcom.sk\/index.php?rest_route=\/wp\/v2\/pages\/15\/revisions"}],"predecessor-version":[{"id":5652,"href":"https:\/\/www.socialnesrdcom.sk\/index.php?rest_route=\/wp\/v2\/pages\/15\/revisions\/5652"}],"wp:attachment":[{"href":"https:\/\/www.socialnesrdcom.sk\/index.php?rest_route=%2Fwp%2Fv2%2Fmedia&parent=15"}],"curies":[{"name":"wp","href":"https:\/\/api.w.org\/{rel}","templated":true}]}}