{"id":2098,"date":"2022-08-31T14:47:17","date_gmt":"2022-08-31T12:47:17","guid":{"rendered":"http:\/\/www.socialnesrdcom.sk\/?page_id=2098"},"modified":"2022-09-15T08:42:18","modified_gmt":"2022-09-15T06:42:18","slug":"zariadenie-podporovaneho-byvania","status":"publish","type":"page","link":"https:\/\/www.socialnesrdcom.sk\/?page_id=2098","title":{"rendered":"Zariadenie podporovan\u00e9ho b\u00fdvania"},"content":{"rendered":"<p><section class=\"kc-elm kc-css-885434 kc_row\"><div class=\"kc-row-container  kc-container\"><div class=\"kc-wrap-columns\"><div class=\"kc-elm kc-css-137414 kc_column kc_col-sm-12\"><div class=\"kc-col-container\"><div class=\"kc-elm kc-css-699467 kc_text_block\"><\/div><\/div><\/div><\/div><\/div><\/section><\/p>\n<p style=\"text-align: left;\" align=\"CENTER\"><strong>Zariadenie podporovan\u00e9ho b\u00fdvania v \u013dubici<\/strong><\/p>\n<p align=\"JUSTIFY\">V zariaden\u00ed podporovan\u00e9ho b\u00fdvania (\u010falej len ZPB) sa poskytuje soci\u00e1lna slu\u017eba fyzickej osobe od 16. roku veku do dov\u0155\u0161enia d\u00f4chodkov\u00e9ho veku, ak je t\u00e1to fyzick\u00e1 osoba odk\u00e1zan\u00e1 na pomoc inej fyzickej osoby pod\u013ea pr\u00edlohy \u010d. 3 z\u00e1kona \u010d. 448\/2008 a na doh\u013ead, pod ktor\u00fdm je schopn\u00e1 vies\u0165 samostatn\u00fd \u017eivot.<\/p>\n<p align=\"JUSTIFY\">Doh\u013ead na \u00fa\u010dely poskytovania soci\u00e1lnej slu\u017eby v zariaden\u00ed podporovan\u00e9ho b\u00fdvania je usmer\u0148ovanie a\u00a0monitorovanie fyzickej osoby pri zabezpe\u010dovan\u00ed sebaobslu\u017en\u00fdch \u00fakonov, \u00fakonov starostlivosti o\u00a0svoju dom\u00e1cnos\u0165 v\u00a0r\u00e1mci zariadenia a\u00a0z\u00e1kladn\u00fdch soci\u00e1lnych aktiv\u00edt.<\/p>\n<p align=\"JUSTIFY\">Soci\u00e1lna slu\u017eba v\u00a0Zariaden\u00ed podporovan\u00e9ho b\u00fdvania v \u013dubici je poskytovan\u00e1 od 16. janu\u00e1ra 2021, kedy boli 5 prij\u00edmatelia z\u00a0prev\u00e1dzky DSS \u013dubica premiestnen\u00ed do Zariadenia podporovan\u00e9ho b\u00fdvania v\u00a0\u013dubici, ul. Gen. Svobodu \u010d. 88.<\/p>\n<p align=\"JUSTIFY\">T\u00fdmto prij\u00edmate\u013eom je poskytovan\u00e1 soci\u00e1lna slu\u017eba (SS) v\u00a0celoro\u010dnej pobytovej forme. V\u00a0ZPB sa vykon\u00e1vaj\u00fa r\u00f4zne z\u00e1ujmov\u00e9 \u010dinnosti ( \u010d\u00edtanie, hranie spolo\u010densk\u00fdch hier, r\u00f4zne pohybov\u00e9 aktivity, &#8230; ) alebo prevent\u00edvne aktivity ( r\u00f4zne vzdel\u00e1vacie \u010dinnosti, napr. separovan\u00fd zber odpadu, &#8230; ).<\/p>\n<p align=\"JUSTIFY\">Prij\u00edmatelia SS samostatne nakupuj\u00fa a\u00a0upratuj\u00fa zariadenie a\u00a0vykon\u00e1vaj\u00fa r\u00f4zne dom\u00e1ce pr\u00e1ce ( \u017eehlenie, pranie, &#8230; ). PSS si aj samostatne varia a\u00a0u\u010dia sa aj finan\u010dnej gramotnosti. Hlavn\u00fdm cie\u013eom je podpora samostatnosti a\u00a0rozvoj zru\u010dnosti, ktor\u00fd vedie a\u017e k\u00a0osamostatneniu.<\/p>\n<p align=\"JUSTIFY\">V\u00a0ZPB sa okrem doh\u013eadu poskytuj\u00fa:<\/p>\n<p align=\"JUSTIFY\">ODBORN\u00c9 \u010cINNOSTI:<\/p>\n<p align=\"JUSTIFY\">* pomoc pri odk\u00e1zanosti na pomoc inej fyzickej osoby,<\/p>\n<p align=\"JUSTIFY\">* soci\u00e1lne poradenstvo,<\/p>\n<p align=\"JUSTIFY\">* vykon\u00e1va sa soci\u00e1lna rehabilit\u00e1cia, zameran\u00e1 na podporu samostatnosti, nez\u00e1vislosti, <br \/>sebesta\u010dnosti fyzickej osoby, rozvojom a n\u00e1cvikom zru\u010dnost\u00ed alebo aktivizovan\u00edm <br \/>schopnost\u00ed a posil\u0148ovan\u00edm n\u00e1vykov pri sebaobsluhe, pri \u00fakonoch starostlivosti o dom\u00e1cnos\u0165 <br \/>a pri z\u00e1kladn\u00fdch\u00a0 soci\u00e1lnych aktivit\u00e1ch s maxim\u00e1lnym vyu\u017eit\u00edm\u00a0 zdrojov v rodine a <br \/>v\u00a0komunite,<\/p>\n<p align=\"JUSTIFY\">* pomoc pri uplat\u0148ovan\u00ed pr\u00e1v a pr\u00e1vom chr\u00e1nen\u00fdch z\u00e1ujmov &#8211; je zameran\u00e1 najm\u00e4 na pomoc pri <br \/>vybavovan\u00ed \u00faradn\u00fdch z\u00e1le\u017eitost\u00ed, osobn\u00fdch dokladov, pri p\u00edsomnej komunik\u00e1cii v \u00faradnom <br \/>styku a vybavovan\u00ed in\u00fdch\u00a0 be\u017en\u00fdch z\u00e1le\u017eitost\u00ed.\u00a0<\/p>\n<p align=\"JUSTIFY\">OBSLU\u017dN\u00c9 \u010cINNOSTI:<\/p>\n<p align=\"JUSTIFY\">* ubytovanie &#8211; je poskytovan\u00e9 v rodinnom dome v samostatnej bytovej jednotke, v <br \/>dvojl\u00f4\u017ekov\u00fdch izb\u00e1ch. K dispoz\u00edcii maj\u00fa plne vybaven\u00fa kuchy\u0148u, jed\u00e1le\u0148, miestnos\u0165 na <br \/>pranie, su\u0161enie a \u017eehlenie \u0161atstva, spolo\u010dn\u00e9 priestory.<\/p>\n<p align=\"JUSTIFY\">DAL\u0160IE \u010cINNOSTI:<\/p>\n<p align=\"JUSTIFY\">* utv\u00e1rame podmienky na pr\u00edpravu stravy,<\/p>\n<p align=\"JUSTIFY\">* utv\u00e1rame podmienky na upratovanie,<\/p>\n<p align=\"JUSTIFY\">* utv\u00e1rame podmienky na pranie, \u017eehlenie a \u00fadr\u017ebu \u0161atstva a\u00a0bielizne,<\/p>\n<p align=\"JUSTIFY\">* zabezpe\u010dujeme z\u00e1ujmov\u00fa \u010dinnos\u0165,<\/p>\n<p align=\"JUSTIFY\">* utv\u00e1rame podmienky na \u00faschovu cenn\u00fdch vec\u00ed.<\/p>\n<p>\n<section class=\"kc-elm kc_row\"><div class=\"kc-row-container  kc-container\"><div class=\"kc-wrap-columns\"><div class=\"kc-elm kc-css-544406 kc_col-sm-12 kc_column kc_col-sm-12\"><div class=\"kc-col-container\"><div class=\"kc-elm kc-css-149713\" style=\"height: 20px; clear: both; width:100%;\"><\/div><\/div><\/div><\/div><\/div><\/section><section class=\"kc-elm kc_row\"><div class=\"kc-row-container  kc-container\"><div class=\"kc-wrap-columns\"><div class=\"kc-elm kc-css-500577 kc_col-sm-12 kc_column kc_col-sm-12\"><div class=\"kc-col-container\"><div class=\"kc-elm kc-css-252525 kc_shortcode kc_single_image\">\n\n        <img decoding=\"async\" src=\"https:\/\/www.socialnesrdcom.sk\/wp-content\/uploads\/2022\/09\/foto-ZPB.jpg\" class=\"\" alt=\"\" \/>    <\/div>\n<\/div><\/div><\/div><\/div><\/section><\/p>\n","protected":false},"excerpt":{"rendered":"","protected":false},"author":2,"featured_media":0,"parent":0,"menu_order":0,"comment_status":"closed","ping_status":"closed","template":"","meta":{"footnotes":""},"class_list":["post-2098","page","type-page","status-publish","hentry"],"_links":{"self":[{"href":"https:\/\/www.socialnesrdcom.sk\/index.php?rest_route=\/wp\/v2\/pages\/2098","targetHints":{"allow":["GET"]}}],"collection":[{"href":"https:\/\/www.socialnesrdcom.sk\/index.php?rest_route=\/wp\/v2\/pages"}],"about":[{"href":"https:\/\/www.socialnesrdcom.sk\/index.php?rest_route=\/wp\/v2\/types\/page"}],"author":[{"embeddable":true,"href":"https:\/\/www.socialnesrdcom.sk\/index.php?rest_route=\/wp\/v2\/users\/2"}],"replies":[{"embeddable":true,"href":"https:\/\/www.socialnesrdcom.sk\/index.php?rest_route=%2Fwp%2Fv2%2Fcomments&post=2098"}],"version-history":[{"count":2,"href":"https:\/\/www.socialnesrdcom.sk\/index.php?rest_route=\/wp\/v2\/pages\/2098\/revisions"}],"predecessor-version":[{"id":2120,"href":"https:\/\/www.socialnesrdcom.sk\/index.php?rest_route=\/wp\/v2\/pages\/2098\/revisions\/2120"}],"wp:attachment":[{"href":"https:\/\/www.socialnesrdcom.sk\/index.php?rest_route=%2Fwp%2Fv2%2Fmedia&parent=2098"}],"curies":[{"name":"wp","href":"https:\/\/api.w.org\/{rel}","templated":true}]}}