{"id":29,"date":"2020-01-30T09:55:11","date_gmt":"2020-01-30T09:55:11","guid":{"rendered":"http:\/\/www.socialnesrdcom.sk\/?page_id=29"},"modified":"2020-02-12T14:57:52","modified_gmt":"2020-02-12T14:57:52","slug":"podujatia","status":"publish","type":"page","link":"https:\/\/www.socialnesrdcom.sk\/?page_id=29","title":{"rendered":"Podujatia 2019"},"content":{"rendered":"<p><section class=\"kc-elm kc-css-826666 kc_row\"><div class=\"kc-row-container  kc-container\"><div class=\"kc-wrap-columns\"><div class=\"kc-elm kc-css-165478 kc_column kc_col-sm-12\"><div class=\"kc-col-container\"><div class=\"kc-elm kc-css-15345 kc_text_block\"><\/div><\/div><\/div><\/div><\/div><\/section><\/p>\n<p><b class=\"fs14\">Druh\u00fd PLES KLIENTOV CSS KE\u017dMAROK<\/b><\/p>\n<p><span class=\"fs12\">Po \u00faspe\u0161nom 1. ro\u010dn\u00edku plesu pre klientov v minulom roku sa na\u0161e Centrum soci\u00e1lnych slu\u017eieb v Ke\u017emarku rozhodlo, \u017ee bude v tejto vydarenej akcii pokra\u010dova\u0165. Term\u00edn plesu sme stanovili na 15. febru\u00e1r a konal sa v Re\u0161taur\u00e1cii SEVERKA v Ke\u017emarku. Z\u00fa\u010dastnili sa ho klienti a ich rodi\u010dia z prev\u00e1dzky DSS Pod lesom 6 v Ke\u017emarku a z DSS v \u013dubici. \u00a0Na\u0161i klienti sa na ples ve\u013emi poctivo pripravovali, tr\u00e9novali tanec, sc\u00e9nku z rozpr\u00e1vky \u201eDlh\u00fd, \u0160irok\u00fd a Bystrozrak\u00fd\u201c a tie\u017e pesni\u010dku a b\u00e1se\u0148. Ve\u013emi im z\u00e1le\u017ealo na tom, aby sa program, s ktor\u00fdm chceli prekvapi\u0165 svojich najbli\u017e\u0161\u00edch vydaril \u00a0a aby ho pr\u00edtomn\u00ed ocenili siln\u00fdm potleskom. To sa aj stalo, boli \u00fa\u017easn\u00ed tak v tancoch ako aj v rozpr\u00e1vke, prednese a piesni. Rodi\u010dia a pr\u00edtomn\u00ed hostia boli milo prekvapen\u00ed \u00a0a objavila sa aj nejak\u00e1 slzi\u010dka od dojatia&#8230;<\/span><\/p>\n<div>\n<div><span class=\"fs12\">Prij\u00edmatelia tie\u017e venovali pozornos\u0165 \u00a0v\u00fdberu svojich plesov\u00fdch \u0161iat a oblekov, diev\u010dat\u00e1 sa zmenili na \u201ed\u00e1my\u201c a z chlapcov sa stali \u201egentlemani\u201c. Ve\u013emi im to v\u0161etk\u00fdm pristalo a po programe sa v\u0161etci ve\u013emi dobre zab\u00e1vali. Do tanca n\u00e1m hrala hudobn\u00e1 skupina \u201e \u0160kul\u00e1\u0148ovci\u201c a program spestrili aj \u201esestry Uhl\u00e1rov\u00e9\u201c, ktor\u00e9 sa postarali o dobr\u00fa z\u00e1bavu a n\u00e1ladu po\u010das ve\u010dera. <\/span><\/div>\n<div>\u00a0<\/div>\n<div><span class=\"fs12\">Program spestrilo aj losovanie tomboly, ktor\u00fa vyhr\u00e1vali v\u0161etci pr\u00edtomn\u00ed prij\u00edmatelia a mysl\u00edme si, \u017ee v\u0161etky ceny boli bohat\u00e9 a pestr\u00e9 a ka\u017ed\u00e1 v\u00fdhra ur\u010dite pote\u0161ila. <\/span><\/div>\n<div>\u00a0<\/div>\n<div><span class=\"fs12\">Z\u00e1bava bola v\u00fdborn\u00e1, klienti aj ich najbli\u017e\u0161\u00ed sa ve\u013emi dobre bavili, tancovali a viedli dru\u017en\u00e9 rozhovory. Mysl\u00edme si, \u017ee aj v \u010fal\u0161om roku budeme v tejto trad\u00edcii pokra\u010dova\u0165 a priprav\u00edme 3.ro\u010dn\u00edk Plesu pre klientov CSS Ke\u017emarok. <\/span><\/div>\n<\/div>\n<p>\n<div class=\"kc-elm kc-css-982962\" style=\"height: 40px; clear: both; width:100%;\"><\/div><section class=\"kc-elm kc-css-382507 kc_row\"><div class=\"kc-row-container  kc-container\"><div class=\"kc-wrap-columns\"><div class=\"kc-elm kc-css-736337 kc_col-sm-12 kc_column kc_col-sm-12\"><div class=\"kc-col-container\"><div class=\"kc-image-gallery kc-elm kc-css-910743\">\n<div class=\"kc_image_gallery kc-carousel-image kc-grid \">\n<div class=\"item-grid grid-6\"><a class=\"kc-image-link kc-pretty-photo\" data-lightbox=\"kc-lightbox\" rel=\"kc-pretty-photo[3177787]\" href=\"https:\/\/www.socialnesrdcom.sk\/wp-content\/uploads\/2020\/02\/pod2019-06.jpg\"><img decoding=\"async\" src=\"https:\/\/www.socialnesrdcom.sk\/wp-content\/uploads\/2020\/02\/pod2019-06-210x150xc.jpg\" alt=\"\"\/><\/a><\/div><div class=\"item-grid grid-6\"><a class=\"kc-image-link kc-pretty-photo\" data-lightbox=\"kc-lightbox\" rel=\"kc-pretty-photo[3177787]\" href=\"https:\/\/www.socialnesrdcom.sk\/wp-content\/uploads\/2020\/02\/pod2019-05.jpg\"><img decoding=\"async\" src=\"https:\/\/www.socialnesrdcom.sk\/wp-content\/uploads\/2020\/02\/pod2019-05-210x150xc.jpg\" alt=\"\"\/><\/a><\/div><div class=\"item-grid grid-6\"><a class=\"kc-image-link kc-pretty-photo\" data-lightbox=\"kc-lightbox\" rel=\"kc-pretty-photo[3177787]\" href=\"https:\/\/www.socialnesrdcom.sk\/wp-content\/uploads\/2020\/02\/pod2019-04.jpg\"><img decoding=\"async\" src=\"https:\/\/www.socialnesrdcom.sk\/wp-content\/uploads\/2020\/02\/pod2019-04-210x150xc.jpg\" alt=\"\"\/><\/a><\/div><div class=\"item-grid grid-6\"><a class=\"kc-image-link kc-pretty-photo\" data-lightbox=\"kc-lightbox\" rel=\"kc-pretty-photo[3177787]\" href=\"https:\/\/www.socialnesrdcom.sk\/wp-content\/uploads\/2020\/02\/pod2019-03.jpg\"><img decoding=\"async\" src=\"https:\/\/www.socialnesrdcom.sk\/wp-content\/uploads\/2020\/02\/pod2019-03-210x150xc.jpg\" alt=\"\"\/><\/a><\/div><div class=\"item-grid grid-6\"><a class=\"kc-image-link kc-pretty-photo\" data-lightbox=\"kc-lightbox\" rel=\"kc-pretty-photo[3177787]\" href=\"https:\/\/www.socialnesrdcom.sk\/wp-content\/uploads\/2020\/02\/pod2019-02.jpg\"><img decoding=\"async\" src=\"https:\/\/www.socialnesrdcom.sk\/wp-content\/uploads\/2020\/02\/pod2019-02-210x150xc.jpg\" alt=\"\"\/><\/a><\/div><div class=\"item-grid grid-6\"><a class=\"kc-image-link kc-pretty-photo\" data-lightbox=\"kc-lightbox\" rel=\"kc-pretty-photo[3177787]\" href=\"https:\/\/www.socialnesrdcom.sk\/wp-content\/uploads\/2020\/02\/pod2019-01.jpg\"><img decoding=\"async\" src=\"https:\/\/www.socialnesrdcom.sk\/wp-content\/uploads\/2020\/02\/pod2019-01-210x150xc.jpg\" alt=\"\"\/><\/a><\/div><\/div>\n<\/div><\/div><\/div><\/div><\/div><\/section><\/p>\n","protected":false},"excerpt":{"rendered":"","protected":false},"author":2,"featured_media":0,"parent":0,"menu_order":0,"comment_status":"closed","ping_status":"closed","template":"","meta":{"footnotes":""},"class_list":["post-29","page","type-page","status-publish","hentry"],"_links":{"self":[{"href":"https:\/\/www.socialnesrdcom.sk\/index.php?rest_route=\/wp\/v2\/pages\/29","targetHints":{"allow":["GET"]}}],"collection":[{"href":"https:\/\/www.socialnesrdcom.sk\/index.php?rest_route=\/wp\/v2\/pages"}],"about":[{"href":"https:\/\/www.socialnesrdcom.sk\/index.php?rest_route=\/wp\/v2\/types\/page"}],"author":[{"embeddable":true,"href":"https:\/\/www.socialnesrdcom.sk\/index.php?rest_route=\/wp\/v2\/users\/2"}],"replies":[{"embeddable":true,"href":"https:\/\/www.socialnesrdcom.sk\/index.php?rest_route=%2Fwp%2Fv2%2Fcomments&post=29"}],"version-history":[{"count":7,"href":"https:\/\/www.socialnesrdcom.sk\/index.php?rest_route=\/wp\/v2\/pages\/29\/revisions"}],"predecessor-version":[{"id":311,"href":"https:\/\/www.socialnesrdcom.sk\/index.php?rest_route=\/wp\/v2\/pages\/29\/revisions\/311"}],"wp:attachment":[{"href":"https:\/\/www.socialnesrdcom.sk\/index.php?rest_route=%2Fwp%2Fv2%2Fmedia&parent=29"}],"curies":[{"name":"wp","href":"https:\/\/api.w.org\/{rel}","templated":true}]}}