{"id":31,"date":"2020-01-30T09:55:11","date_gmt":"2020-01-30T09:55:11","guid":{"rendered":"http:\/\/www.socialnesrdcom.sk\/?page_id=31"},"modified":"2026-02-23T15:59:08","modified_gmt":"2026-02-23T13:59:08","slug":"kontakt","status":"publish","type":"page","link":"https:\/\/www.socialnesrdcom.sk\/?page_id=31","title":{"rendered":"Kontakt"},"content":{"rendered":"<p><section class=\"kc-elm kc-css-617538 kc_row\"><div class=\"kc-row-container  kc-container\"><div class=\"kc-wrap-columns\"><div class=\"kc-elm kc-css-488097 kc_col-sm-6 kc_column kc_col-sm-6\"><div class=\"kc-col-container\"><div class=\"kc-elm kc-css-206567 kc_shortcode kc_single_image\">\n\n        <img decoding=\"async\" src=\"https:\/\/www.socialnesrdcom.sk\/wp-content\/uploads\/2020\/02\/csslub.jpg\" class=\"\" alt=\"\" \/>    <\/div>\n<div class=\"kc-elm kc-css-480836 kc_text_block\"><\/div><\/div><\/div><\/div><\/div><\/section><\/p>\n<div><span class=\"cf1\"><b class=\"fs15\"><span class=\"fs16 ff1\">Prev\u00e1dzka<\/span><\/b><b class=\"fs16 ff1\"> \u013dubica<\/b><\/span><\/div>\n<div><span class=\"fs16 cf1 ff1\">ulica: Gen. Svobodu 139, 059 71 \u00a0\u013dubica<\/span><\/div>\n<div>\n<div><span class=\"fs16\"><span class=\"cf2 ff1\">tel.: 052 \/ 45 66 275<\/span><\/span><\/div>\n<\/div>\n<div><a href=\"http:\/\/www.socialnesrdcom.sk\/?page_id=231\">Viac inform\u00e1ci\u00ed a poloha na mape&#8230;<\/a><\/div>\n<p>\n<div class=\"kc-elm kc-css-807500 kc_col-sm-6 kc_column kc_col-sm-6\"><div class=\"kc-col-container\"><div class=\"kc-elm kc-css-718575 kc_shortcode kc_single_image\">\n\n        <img decoding=\"async\" src=\"https:\/\/www.socialnesrdcom.sk\/wp-content\/uploads\/2020\/02\/csskk.jpg\" class=\"\" alt=\"\" \/>    <\/div>\n<div class=\"kc-elm kc-css-990273 kc_text_block\"><\/div><\/div><\/div><\/p>\n<div style=\"text-align: justify;\"><b class=\"fs15\" style=\"text-align: left;\"><span class=\"fs16 cf1 ff1\">Prev\u00e1dzka<\/span><\/b><b class=\"fs16 cf1 ff1\"> Ke\u017emarok<\/b><\/div>\n<div style=\"text-align: left;\"><span class=\"fs16 cf1 ff1\">ulica Pod lesom 6, \u00a0060 01 \u00a0Ke\u017emarok<\/span><\/div>\n<div style=\"text-align: left;\"><span class=\"fs16\"><span class=\"cf2 ff1\">tel.: 052 \/ 4523630<\/span><\/span><\/div>\n<div><a href=\"http:\/\/www.socialnesrdcom.sk\/?page_id=256\">Viac inform\u00e1ci\u00ed a poloha na mape&#8230;<\/a><\/div>\n<p>\n<section class=\"kc-elm kc-css-156843 kc_row\"><div class=\"kc-row-container  kc-container\"><div class=\"kc-wrap-columns\"><div class=\"kc-elm kc-css-72584 kc_col-sm-12 kc_column kc_col-sm-12\"><div class=\"kc-col-container\"><div class=\"kc-elm kc-css-794539\" style=\"height: 40px; clear: both; width:100%;\"><\/div><div class=\"kc-elm kc-css-954619 kc_text_block\"><\/div><\/div><\/div><\/div><\/div><\/section><\/p>\n<p><strong>Mgr. Daniela Pichnar\u010d\u00edkov\u00e1<\/strong><br \/>riadite\u013e<br \/>E-mail: riaditel@csskezmarok-kk.psk.sk \/ riaditel@csskk.sk<br \/>tel.: 0904 470 252<br \/><a href=\"http:\/\/www.socialnesrdcom.sk\/wp-content\/uploads\/2020\/09\/Daniela-Pichnarcikova-zivotopis.pdf\" target=\"_blank\" rel=\"noopener\">\u017eivotopis<\/a><\/p>\n<p><strong>Mgr. M\u00e1ria Seker\u00e1kov\u00e1<br \/><\/strong>Ekonomika a vn\u00fatorn\u00e1 prev\u00e1dzka &#8211; ved\u00faca \u00faseku<br \/>E-mail: ekonom@csskezmarok-kk.psk.sk \/ ekonom@csskk.sk<br \/>tel: 052\/452 27 85, 0902 236 325<\/p>\n<p><strong>Mgr. Tom\u00e1\u0161 Faron<\/strong><br \/>\u00dasek soci\u00e1lny v \u013dubici \u2013 ved\u00faci \u00faseku<br \/>E-mail: social@csskk.sk<br \/>tel: 052\/456 62 75 , 0910 363 744<\/p>\n<p><strong>Mgr. Du\u0161an Mi\u0161t\u00edk<\/strong><br \/>\u00dasek soci\u00e1lny v Ke\u017emarku \u2013 ved\u00faci \u00faseku<br \/>E-mail: social@csskk.sk<br \/>tel: 052 \/ 4523630, 0910 902 172<\/p>\n<p><a href=\"http:\/\/www.socialnesrdcom.sk\/\">&lt; sp\u00e4\u0165<\/a><\/p>\n\n","protected":false},"excerpt":{"rendered":"","protected":false},"author":2,"featured_media":0,"parent":0,"menu_order":0,"comment_status":"closed","ping_status":"closed","template":"","meta":{"footnotes":""},"class_list":["post-31","page","type-page","status-publish","hentry"],"_links":{"self":[{"href":"https:\/\/www.socialnesrdcom.sk\/index.php?rest_route=\/wp\/v2\/pages\/31","targetHints":{"allow":["GET"]}}],"collection":[{"href":"https:\/\/www.socialnesrdcom.sk\/index.php?rest_route=\/wp\/v2\/pages"}],"about":[{"href":"https:\/\/www.socialnesrdcom.sk\/index.php?rest_route=\/wp\/v2\/types\/page"}],"author":[{"embeddable":true,"href":"https:\/\/www.socialnesrdcom.sk\/index.php?rest_route=\/wp\/v2\/users\/2"}],"replies":[{"embeddable":true,"href":"https:\/\/www.socialnesrdcom.sk\/index.php?rest_route=%2Fwp%2Fv2%2Fcomments&post=31"}],"version-history":[{"count":25,"href":"https:\/\/www.socialnesrdcom.sk\/index.php?rest_route=\/wp\/v2\/pages\/31\/revisions"}],"predecessor-version":[{"id":5534,"href":"https:\/\/www.socialnesrdcom.sk\/index.php?rest_route=\/wp\/v2\/pages\/31\/revisions\/5534"}],"wp:attachment":[{"href":"https:\/\/www.socialnesrdcom.sk\/index.php?rest_route=%2Fwp%2Fv2%2Fmedia&parent=31"}],"curies":[{"name":"wp","href":"https:\/\/api.w.org\/{rel}","templated":true}]}}