{"id":5377,"date":"2026-01-14T09:37:36","date_gmt":"2026-01-14T07:37:36","guid":{"rendered":"https:\/\/www.socialnesrdcom.sk\/?page_id=5377"},"modified":"2026-03-25T10:23:35","modified_gmt":"2026-03-25T08:23:35","slug":"zmluvy-2026","status":"publish","type":"page","link":"https:\/\/www.socialnesrdcom.sk\/?page_id=5377","title":{"rendered":"Zmluvy 2026"},"content":{"rendered":"<p><section class=\"kc-elm kc-css-630187 kc_row\"><div class=\"kc-row-container\"><div class=\"kc-wrap-columns\"><div class=\"kc-elm kc-css-615137 kc_col-sm-1 kc_column kc_col-sm-1\"><div class=\"kc-col-container\"><div class=\"kc-elm kc-css-791883 kc_text_block\"><\/div><\/div><\/div><\/div><\/div><\/section><\/p>\n<p style=\"text-align: left;\"><strong>\u010d. zmluvy<\/strong><\/p>\n<p>\n<div class=\"kc-elm kc-css-139176 kc_col-sm-1 kc_column kc_col-sm-1\"><div class=\"kc-col-container\"><div class=\"kc-elm kc-css-935335 kc_text_block\"><\/div><\/div><\/div><\/p>\n<p>\n<strong>Druh dokladu<\/strong><\/p>\n<p>\n<div class=\"kc-elm kc-css-136523 kc_col-sm-5 kc_column kc_col-sm-5\"><div class=\"kc-col-container\"><div class=\"kc-elm kc-css-393026 kc_text_block\"><\/div><\/div><\/div><\/p>\n<p style=\"text-align: left;\"><strong>Zmluvn\u00e1 strana (I\u010cO)<\/strong><\/p>\n<p>\n<div class=\"kc-elm kc-css-996470 kc_col-sm-1 kc_column kc_col-sm-1\"><div class=\"kc-col-container\"><div class=\"kc-elm kc-css-433604 kc_text_block\"><\/div><\/div><\/div><\/p>\n<p style=\"text-align: left;\"><strong>Predmet zmluvy<\/strong><\/p>\n<p>\n<div class=\"kc-elm kc-css-197646 kc_col-sm-1 kc_column kc_col-sm-1\"><div class=\"kc-col-container\"><div class=\"kc-elm kc-css-798532 kc_text_block\"><\/div><\/div><\/div><\/p>\n<p style=\"text-align: left;\"><strong>Hodnota (\u20ac)<br \/><\/strong><\/p>\n<p>\n<div class=\"kc-elm kc-css-544625 kc_col-sm-1 kc_column kc_col-sm-1\"><div class=\"kc-col-container\"><div class=\"kc-elm kc-css-297681 kc_text_block\"><\/div><\/div><\/div><\/p>\n<p style=\"text-align: left;\"><strong>D\u00e1tum<\/strong><\/p>\n<p>\n<div class=\"kc-elm kc-css-292313 kc_col-sm-1 kc_column kc_col-sm-1\"><div class=\"kc-col-container\"><div class=\"kc-elm kc-css-352757 kc_text_block\"><\/div><\/div><\/div><\/p>\n<p style=\"text-align: left;\"><strong>pdf link<\/strong><\/p>\n<p>\n<section class=\"kc-elm kc-css-797504 kc_row\"><div class=\"kc-row-container\"><div class=\"kc-wrap-columns\"><div class=\"kc-elm kc-css-477474 kc_col-sm-1 kc_column kc_col-sm-1\"><div class=\"kc-col-container\"><div class=\"kc-elm kc-css-483342 kc_text_block\"><\/div><\/div><\/div><\/div><\/div><\/section><\/p>\n<p style=\"text-align: left;\">1\/2026<\/p>\n<p>\n<div class=\"kc-elm kc-css-509450 kc_col-sm-1 kc_column kc_col-sm-1\"><div class=\"kc-col-container\"><div class=\"kc-elm kc-css-230071 kc_text_block\"><\/div><\/div><\/div><\/p>\n<p>\nZmluva<\/p>\n<p>\n<div class=\"kc-elm kc-css-286584 kc_col-sm-5 kc_column kc_col-sm-5\"><div class=\"kc-col-container\"><div class=\"kc-elm kc-css-730111 kc_text_block\"><\/div><\/div><\/div><\/p>\n<p style=\"text-align: left;\">Energetick\u00e1 agent\u00fara Smart regi\u00f3nu PSK, Levo\u010dsk\u00e1 6114\/1, 080 01 Pre\u0161ov (51295130)<\/p>\n<p>\n<div class=\"kc-elm kc-css-131886 kc_col-sm-1 kc_column kc_col-sm-1\"><div class=\"kc-col-container\"><div class=\"kc-elm kc-css-24832 kc_text_block\"><\/div><\/div><\/div><\/p>\n<p style=\"text-align: left;\">\u010diastkov\u00e1 zmluva<\/p>\n<p>\n<div class=\"kc-elm kc-css-657373 kc_col-sm-1 kc_column kc_col-sm-1\"><div class=\"kc-col-container\"><div class=\"kc-elm kc-css-38209 kc_text_block\"><\/div><\/div><\/div><\/p>\n<p style=\"text-align: left;\">x<\/p>\n<p>\n<div class=\"kc-elm kc-css-761026 kc_col-sm-1 kc_column kc_col-sm-1\"><div class=\"kc-col-container\"><div class=\"kc-elm kc-css-418093 kc_text_block\"><\/div><\/div><\/div><\/p>\n<p style=\"text-align: left;\">17.12.2025<\/p>\n<p>\n<div class=\"kc-elm kc-css-74011 kc_col-sm-1 kc_column kc_col-sm-1\"><div class=\"kc-col-container\"><div class=\"kc-elm kc-css-688642 kc_text_block\"><\/div><\/div><\/div><\/p>\n<p style=\"text-align: left;\"><a href=\"https:\/\/www.socialnesrdcom.sk\/wp-content\/uploads\/2026\/01\/012026.pdf\">> pdf<\/a><\/p>\n<p>\n<section class=\"kc-elm kc-css-203767 kc_row\"><div class=\"kc-row-container\"><div class=\"kc-wrap-columns\"><div class=\"kc-elm kc-css-171123 kc_col-sm-1 kc_column kc_col-sm-1\"><div class=\"kc-col-container\"><div class=\"kc-elm kc-css-772927 kc_text_block\"><\/div><\/div><\/div><\/div><\/div><\/section><\/p>\n<p style=\"text-align: left;\">2\/2026<\/p>\n<p>\n<div class=\"kc-elm kc-css-539907 kc_col-sm-1 kc_column kc_col-sm-1\"><div class=\"kc-col-container\"><div class=\"kc-elm kc-css-89281 kc_text_block\"><\/div><\/div><\/div><\/p>\n<p>\nZmluva<\/p>\n<p>\n<div class=\"kc-elm kc-css-119926 kc_col-sm-5 kc_column kc_col-sm-5\"><div class=\"kc-col-container\"><div class=\"kc-elm kc-css-321872 kc_text_block\"><\/div><\/div><\/div><\/p>\n<p style=\"text-align: left;\">Slovak Telekom, a.s., Bajkalsk\u00e1 28, 817 62 BA (35763469)<\/p>\n<p>\n<div class=\"kc-elm kc-css-991212 kc_col-sm-1 kc_column kc_col-sm-1\"><div class=\"kc-col-container\"><div class=\"kc-elm kc-css-262616 kc_text_block\"><\/div><\/div><\/div><\/p>\n<p style=\"text-align: left;\">o posk. slu\u017eieb<\/p>\n<p>\n<div class=\"kc-elm kc-css-900319 kc_col-sm-1 kc_column kc_col-sm-1\"><div class=\"kc-col-container\"><div class=\"kc-elm kc-css-887662 kc_text_block\"><\/div><\/div><\/div><\/p>\n<p style=\"text-align: left;\">x<\/p>\n<p>\n<div class=\"kc-elm kc-css-432621 kc_col-sm-1 kc_column kc_col-sm-1\"><div class=\"kc-col-container\"><div class=\"kc-elm kc-css-805226 kc_text_block\"><\/div><\/div><\/div><\/p>\n<p style=\"text-align: left;\">12.01.2026<\/p>\n<p>\n<div class=\"kc-elm kc-css-340697 kc_col-sm-1 kc_column kc_col-sm-1\"><div class=\"kc-col-container\"><div class=\"kc-elm kc-css-247782 kc_text_block\"><\/div><\/div><\/div><\/p>\n<p style=\"text-align: left;\"><a href=\"https:\/\/www.socialnesrdcom.sk\/wp-content\/uploads\/2026\/01\/022026.pdf\">> pdf<\/a><\/p>\n<p>\n<section class=\"kc-elm kc-css-959339 kc_row\"><div class=\"kc-row-container\"><div class=\"kc-wrap-columns\"><div class=\"kc-elm kc-css-721285 kc_col-sm-1 kc_column kc_col-sm-1\"><div class=\"kc-col-container\"><div class=\"kc-elm kc-css-661993 kc_text_block\"><\/div><\/div><\/div><\/div><\/div><\/section><\/p>\n<p style=\"text-align: left;\">3\/2026<\/p>\n<p>\n<div class=\"kc-elm kc-css-501199 kc_col-sm-1 kc_column kc_col-sm-1\"><div class=\"kc-col-container\"><div class=\"kc-elm kc-css-791532 kc_text_block\"><\/div><\/div><\/div><\/p>\n<p>\nDodatok<\/p>\n<p>\n<div class=\"kc-elm kc-css-718938 kc_col-sm-5 kc_column kc_col-sm-5\"><div class=\"kc-col-container\"><div class=\"kc-elm kc-css-952309 kc_text_block\"><\/div><\/div><\/div><\/p>\n<p style=\"text-align: left;\">Slovak Telekom, a.s., Bajkalsk\u00e1 28, 817 62 BA (35763469)<\/p>\n<p>\n<div class=\"kc-elm kc-css-386325 kc_col-sm-1 kc_column kc_col-sm-1\"><div class=\"kc-col-container\"><div class=\"kc-elm kc-css-415704 kc_text_block\"><\/div><\/div><\/div><\/p>\n<p style=\"text-align: left;\">dod. k zmluve<\/p>\n<p>\n<div class=\"kc-elm kc-css-124979 kc_col-sm-1 kc_column kc_col-sm-1\"><div class=\"kc-col-container\"><div class=\"kc-elm kc-css-346464 kc_text_block\"><\/div><\/div><\/div><\/p>\n<p style=\"text-align: left;\">x<\/p>\n<p>\n<div class=\"kc-elm kc-css-743822 kc_col-sm-1 kc_column kc_col-sm-1\"><div class=\"kc-col-container\"><div class=\"kc-elm kc-css-279605 kc_text_block\"><\/div><\/div><\/div><\/p>\n<p style=\"text-align: left;\">12.01.2026<\/p>\n<p>\n<div class=\"kc-elm kc-css-523907 kc_col-sm-1 kc_column kc_col-sm-1\"><div class=\"kc-col-container\"><div class=\"kc-elm kc-css-712603 kc_text_block\"><\/div><\/div><\/div><\/p>\n<p style=\"text-align: left;\"><a href=\"https:\/\/www.socialnesrdcom.sk\/wp-content\/uploads\/2026\/01\/032026.pdf\">> pdf<\/a><\/p>\n<p>\n<section class=\"kc-elm kc-css-814333 kc_row\"><div class=\"kc-row-container\"><div class=\"kc-wrap-columns\"><div class=\"kc-elm kc-css-407564 kc_col-sm-1 kc_column kc_col-sm-1\"><div class=\"kc-col-container\"><div class=\"kc-elm kc-css-979699 kc_text_block\"><\/div><\/div><\/div><\/div><\/div><\/section><\/p>\n<p style=\"text-align: left;\">4\/2026<\/p>\n<p>\n<div class=\"kc-elm kc-css-173856 kc_col-sm-1 kc_column kc_col-sm-1\"><div class=\"kc-col-container\"><div class=\"kc-elm kc-css-895632 kc_text_block\"><\/div><\/div><\/div><\/p>\n<p>\nZmluva<\/p>\n<p>\n<div class=\"kc-elm kc-css-212455 kc_col-sm-5 kc_column kc_col-sm-5\"><div class=\"kc-col-container\"><div class=\"kc-elm kc-css-762349 kc_text_block\"><\/div><\/div><\/div><\/p>\n<p style=\"text-align: left;\">Slovak Telekom, a.s., Bajkalsk\u00e1 28, 817 62 BA (35763469)<\/p>\n<p>\n<div class=\"kc-elm kc-css-70408 kc_col-sm-1 kc_column kc_col-sm-1\"><div class=\"kc-col-container\"><div class=\"kc-elm kc-css-484550 kc_text_block\"><\/div><\/div><\/div><\/p>\n<p style=\"text-align: left;\">o posk. slu\u017eieb<\/p>\n<p>\n<div class=\"kc-elm kc-css-295775 kc_col-sm-1 kc_column kc_col-sm-1\"><div class=\"kc-col-container\"><div class=\"kc-elm kc-css-681139 kc_text_block\"><\/div><\/div><\/div><\/p>\n<p style=\"text-align: left;\">x<\/p>\n<p>\n<div class=\"kc-elm kc-css-648113 kc_col-sm-1 kc_column kc_col-sm-1\"><div class=\"kc-col-container\"><div class=\"kc-elm kc-css-616748 kc_text_block\"><\/div><\/div><\/div><\/p>\n<p style=\"text-align: left;\">12.01.2026<\/p>\n<p>\n<div class=\"kc-elm kc-css-575731 kc_col-sm-1 kc_column kc_col-sm-1\"><div class=\"kc-col-container\"><div class=\"kc-elm kc-css-176334 kc_text_block\"><\/div><\/div><\/div><\/p>\n<p style=\"text-align: left;\"><a href=\"https:\/\/www.socialnesrdcom.sk\/wp-content\/uploads\/2026\/01\/042026.pdf\">> pdf<\/a><\/p>\n<p>\n<section class=\"kc-elm kc-css-593002 kc_row\"><div class=\"kc-row-container\"><div class=\"kc-wrap-columns\"><div class=\"kc-elm kc-css-575785 kc_col-sm-1 kc_column kc_col-sm-1\"><div class=\"kc-col-container\"><div class=\"kc-elm kc-css-102297 kc_text_block\"><\/div><\/div><\/div><\/div><\/div><\/section><\/p>\n<p style=\"text-align: left;\">5\/2026<\/p>\n<p>\n<div class=\"kc-elm kc-css-347887 kc_col-sm-1 kc_column kc_col-sm-1\"><div class=\"kc-col-container\"><div class=\"kc-elm kc-css-7091 kc_text_block\"><\/div><\/div><\/div><\/p>\n<p>\nZmluva<\/p>\n<p>\n<div class=\"kc-elm kc-css-646837 kc_col-sm-5 kc_column kc_col-sm-5\"><div class=\"kc-col-container\"><div class=\"kc-elm kc-css-756642 kc_text_block\"><\/div><\/div><\/div><\/p>\n<p style=\"text-align: left;\">Mgr. Marta Brita\u0148\u00e1kov\u00e1, Zimn\u00e1 1310\/22A, 059 01\u00a0 Sp. Bel\u00e1 (37237888)<\/p>\n<p>\n<div class=\"kc-elm kc-css-446690 kc_col-sm-1 kc_column kc_col-sm-1\"><div class=\"kc-col-container\"><div class=\"kc-elm kc-css-472642 kc_text_block\"><\/div><\/div><\/div><\/p>\n<p style=\"text-align: left;\">o posk. slu\u017eieb<\/p>\n<p>\n<div class=\"kc-elm kc-css-778009 kc_col-sm-1 kc_column kc_col-sm-1\"><div class=\"kc-col-container\"><div class=\"kc-elm kc-css-520928 kc_text_block\"><\/div><\/div><\/div><\/p>\n<p style=\"text-align: left;\">90,-<\/p>\n<p>\n<div class=\"kc-elm kc-css-114237 kc_col-sm-1 kc_column kc_col-sm-1\"><div class=\"kc-col-container\"><div class=\"kc-elm kc-css-818210 kc_text_block\"><\/div><\/div><\/div><\/p>\n<p style=\"text-align: left;\">21.01.2026<\/p>\n<p>\n<div class=\"kc-elm kc-css-64697 kc_col-sm-1 kc_column kc_col-sm-1\"><div class=\"kc-col-container\"><div class=\"kc-elm kc-css-295846 kc_text_block\"><\/div><\/div><\/div><\/p>\n<p style=\"text-align: left;\"><a href=\"https:\/\/www.socialnesrdcom.sk\/wp-content\/uploads\/2026\/01\/052026.pdf\">> pdf<\/a><\/p>\n<p>\n<section class=\"kc-elm kc-css-48956 kc_row\"><div class=\"kc-row-container\"><div class=\"kc-wrap-columns\"><div class=\"kc-elm kc-css-329774 kc_col-sm-1 kc_column kc_col-sm-1\"><div class=\"kc-col-container\"><div class=\"kc-elm kc-css-141336 kc_text_block\"><\/div><\/div><\/div><\/div><\/div><\/section><\/p>\n<p style=\"text-align: left;\">7\/2026<\/p>\n<p>\n<div class=\"kc-elm kc-css-495503 kc_col-sm-1 kc_column kc_col-sm-1\"><div class=\"kc-col-container\"><div class=\"kc-elm kc-css-744246 kc_text_block\"><\/div><\/div><\/div><\/p>\n<p>\nZmluva<\/p>\n<p>\n<div class=\"kc-elm kc-css-552936 kc_col-sm-5 kc_column kc_col-sm-5\"><div class=\"kc-col-container\"><div class=\"kc-elm kc-css-96894 kc_text_block\"><\/div><\/div><\/div><\/p>\n<p style=\"text-align: left;\">Centrum podpory PSK, Levo\u010dsk\u00e1 1, 080 01 Pre\u0161ov (55966691)<\/p>\n<p>\n<div class=\"kc-elm kc-css-365480 kc_col-sm-1 kc_column kc_col-sm-1\"><div class=\"kc-col-container\"><div class=\"kc-elm kc-css-314794 kc_text_block\"><\/div><\/div><\/div><\/p>\n<p style=\"text-align: left;\">o posk. slu\u017eieb<\/p>\n<p>\n<div class=\"kc-elm kc-css-54573 kc_col-sm-1 kc_column kc_col-sm-1\"><div class=\"kc-col-container\"><div class=\"kc-elm kc-css-350830 kc_text_block\"><\/div><\/div><\/div><\/p>\n<p style=\"text-align: left;\">470,-<\/p>\n<p>\n<div class=\"kc-elm kc-css-541635 kc_col-sm-1 kc_column kc_col-sm-1\"><div class=\"kc-col-container\"><div class=\"kc-elm kc-css-95385 kc_text_block\"><\/div><\/div><\/div><\/p>\n<p style=\"text-align: left;\">x<\/p>\n<p>\n<div class=\"kc-elm kc-css-339921 kc_col-sm-1 kc_column kc_col-sm-1\"><div class=\"kc-col-container\"><div class=\"kc-elm kc-css-351870 kc_text_block\"><\/div><\/div><\/div><\/p>\n<p style=\"text-align: left;\"><a href=\"https:\/\/www.socialnesrdcom.sk\/wp-content\/uploads\/2026\/03\/072026.pdf\">> pdf<\/a><\/p>\n<p>\n<section class=\"kc-elm kc-css-744274 kc_row\"><div class=\"kc-row-container\"><div class=\"kc-wrap-columns\"><div class=\"kc-elm kc-css-576452 kc_col-sm-1 kc_column kc_col-sm-1\"><div class=\"kc-col-container\"><div class=\"kc-elm kc-css-217874 kc_text_block\"><\/div><\/div><\/div><\/div><\/div><\/section><\/p>\n<p style=\"text-align: left;\">8\/2026<\/p>\n<p>\n<div class=\"kc-elm kc-css-933959 kc_col-sm-1 kc_column kc_col-sm-1\"><div class=\"kc-col-container\"><div class=\"kc-elm kc-css-633553 kc_text_block\"><\/div><\/div><\/div><\/p>\n<p>\nZmluva<\/p>\n<p>\n<div class=\"kc-elm kc-css-983301 kc_col-sm-5 kc_column kc_col-sm-5\"><div class=\"kc-col-container\"><div class=\"kc-elm kc-css-332405 kc_text_block\"><\/div><\/div><\/div><\/p>\n<p style=\"text-align: left;\">Centrum podpory PSK, Levo\u010dsk\u00e1 1, 080 01 Pre\u0161ov (55966691)<\/p>\n<p>\n<div class=\"kc-elm kc-css-697738 kc_col-sm-1 kc_column kc_col-sm-1\"><div class=\"kc-col-container\"><div class=\"kc-elm kc-css-989439 kc_text_block\"><\/div><\/div><\/div><\/p>\n<p style=\"text-align: left;\">o ml\u010danlivosti<\/p>\n<p>\n<div class=\"kc-elm kc-css-291156 kc_col-sm-1 kc_column kc_col-sm-1\"><div class=\"kc-col-container\"><div class=\"kc-elm kc-css-590465 kc_text_block\"><\/div><\/div><\/div><\/p>\n<p style=\"text-align: left;\">x<\/p>\n<p>\n<div class=\"kc-elm kc-css-300320 kc_col-sm-1 kc_column kc_col-sm-1\"><div class=\"kc-col-container\"><div class=\"kc-elm kc-css-791920 kc_text_block\"><\/div><\/div><\/div><\/p>\n<p style=\"text-align: left;\">x<\/p>\n<p>\n<div class=\"kc-elm kc-css-60232 kc_col-sm-1 kc_column kc_col-sm-1\"><div class=\"kc-col-container\"><div class=\"kc-elm kc-css-459134 kc_text_block\"><\/div><\/div><\/div><\/p>\n<p style=\"text-align: left;\"><a href=\"https:\/\/www.socialnesrdcom.sk\/wp-content\/uploads\/2026\/03\/082026.pdf\">> pdf<\/a><\/p>\n<p>\n<section class=\"kc-elm kc-css-710766 kc_row\"><div class=\"kc-row-container\"><div class=\"kc-wrap-columns\"><div class=\"kc-elm kc-css-776846 kc_col-sm-1 kc_column kc_col-sm-1\"><div class=\"kc-col-container\"><div class=\"kc-elm kc-css-786714 kc_text_block\"><\/div><\/div><\/div><\/div><\/div><\/section><\/p>\n<p style=\"text-align: left;\">9\/2026<\/p>\n<p>\n<div class=\"kc-elm kc-css-719492 kc_col-sm-1 kc_column kc_col-sm-1\"><div class=\"kc-col-container\"><div class=\"kc-elm kc-css-596317 kc_text_block\"><\/div><\/div><\/div><\/p>\n<p>\nDohoda<\/p>\n<p>\n<div class=\"kc-elm kc-css-993038 kc_col-sm-5 kc_column kc_col-sm-5\"><div class=\"kc-col-container\"><div class=\"kc-elm kc-css-232449 kc_text_block\"><\/div><\/div><\/div><\/p>\n<p style=\"text-align: left;\">B-Max \u0160ebest, s.r.o., Bernol\u00e1kova 17\/1395, 05971 \u013dubica (46427562)<\/p>\n<p>\n<div class=\"kc-elm kc-css-166937 kc_col-sm-1 kc_column kc_col-sm-1\"><div class=\"kc-col-container\"><div class=\"kc-elm kc-css-667195 kc_text_block\"><\/div><\/div><\/div><\/p>\n<p style=\"text-align: left;\">r\u00e1mcov\u00e1 dohoda<\/p>\n<p>\n<div class=\"kc-elm kc-css-289535 kc_col-sm-1 kc_column kc_col-sm-1\"><div class=\"kc-col-container\"><div class=\"kc-elm kc-css-744586 kc_text_block\"><\/div><\/div><\/div><\/p>\n<p style=\"text-align: left;\">5656,23<\/p>\n<p>\n<div class=\"kc-elm kc-css-511201 kc_col-sm-1 kc_column kc_col-sm-1\"><div class=\"kc-col-container\"><div class=\"kc-elm kc-css-921577 kc_text_block\"><\/div><\/div><\/div><\/p>\n<p style=\"text-align: left;\">x<\/p>\n<p>\n<div class=\"kc-elm kc-css-295068 kc_col-sm-1 kc_column kc_col-sm-1\"><div class=\"kc-col-container\"><div class=\"kc-elm kc-css-814624 kc_text_block\"><\/div><\/div><\/div><\/p>\n<p style=\"text-align: left;\"><a href=\"https:\/\/www.socialnesrdcom.sk\/wp-content\/uploads\/2026\/03\/092026.pdf\">> pdf<\/a><\/p>\n<p>\n<section class=\"kc-elm kc-css-892386 kc_row\"><div class=\"kc-row-container\"><div class=\"kc-wrap-columns\"><div class=\"kc-elm kc-css-265705 kc_col-sm-1 kc_column kc_col-sm-1\"><div class=\"kc-col-container\"><div class=\"kc-elm kc-css-911488 kc_text_block\"><\/div><\/div><\/div><\/div><\/div><\/section><\/p>\n<p style=\"text-align: left;\">10\/2026<\/p>\n<p>\n<div class=\"kc-elm kc-css-886710 kc_col-sm-1 kc_column kc_col-sm-1\"><div class=\"kc-col-container\"><div class=\"kc-elm kc-css-38224 kc_text_block\"><\/div><\/div><\/div><\/p>\n<p>\nDohoda<\/p>\n<p>\n<div class=\"kc-elm kc-css-258306 kc_col-sm-5 kc_column kc_col-sm-5\"><div class=\"kc-col-container\"><div class=\"kc-elm kc-css-702951 kc_text_block\"><\/div><\/div><\/div><\/p>\n<p style=\"text-align: left;\">Marko Tatry, s.r.o., Zimn\u00e1 466\/68, 05901 Spi\u0161sk\u00e1 Bel\u00e1 (48324931)<\/p>\n<p>\n<div class=\"kc-elm kc-css-153009 kc_col-sm-1 kc_column kc_col-sm-1\"><div class=\"kc-col-container\"><div class=\"kc-elm kc-css-302552 kc_text_block\"><\/div><\/div><\/div><\/p>\n<p style=\"text-align: left;\">r\u00e1mcov\u00e1 dohoda<\/p>\n<p>\n<div class=\"kc-elm kc-css-230270 kc_col-sm-1 kc_column kc_col-sm-1\"><div class=\"kc-col-container\"><div class=\"kc-elm kc-css-858512 kc_text_block\"><\/div><\/div><\/div><\/p>\n<p style=\"text-align: left;\">13.837,57<\/p>\n<p>\n<div class=\"kc-elm kc-css-826782 kc_col-sm-1 kc_column kc_col-sm-1\"><div class=\"kc-col-container\"><div class=\"kc-elm kc-css-361451 kc_text_block\"><\/div><\/div><\/div><\/p>\n<p style=\"text-align: left;\">x<\/p>\n<p>\n<div class=\"kc-elm kc-css-704803 kc_col-sm-1 kc_column kc_col-sm-1\"><div class=\"kc-col-container\"><div class=\"kc-elm kc-css-442894 kc_text_block\"><\/div><\/div><\/div><\/p>\n<p style=\"text-align: left;\"><a href=\"https:\/\/www.socialnesrdcom.sk\/wp-content\/uploads\/2026\/03\/102026.pdf\">> pdf<\/a><\/p>\n<p>\n<section class=\"kc-elm kc-css-611120 kc_row\"><div class=\"kc-row-container\"><div class=\"kc-wrap-columns\"><div class=\"kc-elm kc-css-148235 kc_col-sm-1 kc_column kc_col-sm-1\"><div class=\"kc-col-container\"><div class=\"kc-elm kc-css-877130 kc_text_block\"><\/div><\/div><\/div><\/div><\/div><\/section><\/p>\n<p style=\"text-align: left;\">11\/2026<\/p>\n<p>\n<div class=\"kc-elm kc-css-559668 kc_col-sm-1 kc_column kc_col-sm-1\"><div class=\"kc-col-container\"><div class=\"kc-elm kc-css-868759 kc_text_block\"><\/div><\/div><\/div><\/p>\n<p>\nDohoda<\/p>\n<p>\n<div class=\"kc-elm kc-css-739348 kc_col-sm-5 kc_column kc_col-sm-5\"><div class=\"kc-col-container\"><div class=\"kc-elm kc-css-697913 kc_text_block\"><\/div><\/div><\/div><\/p>\n<p style=\"text-align: left;\">Dom\u00e4sko s.r.o., Lieskovsk\u00e1 cesta 640\/23, 962 21 Lieskovec (31719236)<\/p>\n<p>\n<div class=\"kc-elm kc-css-744324 kc_col-sm-1 kc_column kc_col-sm-1\"><div class=\"kc-col-container\"><div class=\"kc-elm kc-css-21518 kc_text_block\"><\/div><\/div><\/div><\/p>\n<p style=\"text-align: left;\">r\u00e1mcov\u00e1 dohoda<\/p>\n<p>\n<div class=\"kc-elm kc-css-874753 kc_col-sm-1 kc_column kc_col-sm-1\"><div class=\"kc-col-container\"><div class=\"kc-elm kc-css-955329 kc_text_block\"><\/div><\/div><\/div><\/p>\n<p style=\"text-align: left;\">24.712,31<\/p>\n<p>\n<div class=\"kc-elm kc-css-377364 kc_col-sm-1 kc_column kc_col-sm-1\"><div class=\"kc-col-container\"><div class=\"kc-elm kc-css-12163 kc_text_block\"><\/div><\/div><\/div><\/p>\n<p style=\"text-align: left;\">x<\/p>\n<p>\n<div class=\"kc-elm kc-css-946260 kc_col-sm-1 kc_column kc_col-sm-1\"><div class=\"kc-col-container\"><div class=\"kc-elm kc-css-836921 kc_text_block\"><\/div><\/div><\/div><\/p>\n<p style=\"text-align: left;\"><a href=\"https:\/\/www.socialnesrdcom.sk\/wp-content\/uploads\/2026\/03\/112026.pdf\">> pdf<\/a><\/p>\n<p>\n<section class=\"kc-elm kc-css-113938 kc_row\"><div class=\"kc-row-container\"><div class=\"kc-wrap-columns\"><div class=\"kc-elm kc-css-661620 kc_col-sm-1 kc_column kc_col-sm-1\"><div class=\"kc-col-container\"><div class=\"kc-elm kc-css-642798 kc_text_block\"><\/div><\/div><\/div><\/div><\/div><\/section><\/p>\n<p style=\"text-align: left;\">12\/2026<\/p>\n<p>\n<div class=\"kc-elm kc-css-635920 kc_col-sm-1 kc_column kc_col-sm-1\"><div class=\"kc-col-container\"><div class=\"kc-elm kc-css-236711 kc_text_block\"><\/div><\/div><\/div><\/p>\n<p>\nDohoda<\/p>\n<p>\n<div class=\"kc-elm kc-css-655352 kc_col-sm-5 kc_column kc_col-sm-5\"><div class=\"kc-col-container\"><div class=\"kc-elm kc-css-105964 kc_text_block\"><\/div><\/div><\/div><\/p>\n<p style=\"text-align: left;\">Allinmarket, s.r.o., Michalsk\u00e1 18, 060 01 Ke\u017emarok (51238365)<\/p>\n<p>\n<div class=\"kc-elm kc-css-147760 kc_col-sm-1 kc_column kc_col-sm-1\"><div class=\"kc-col-container\"><div class=\"kc-elm kc-css-641773 kc_text_block\"><\/div><\/div><\/div><\/p>\n<p style=\"text-align: left;\">r\u00e1mcov\u00e1 dohoda<\/p>\n<p>\n<div class=\"kc-elm kc-css-889411 kc_col-sm-1 kc_column kc_col-sm-1\"><div class=\"kc-col-container\"><div class=\"kc-elm kc-css-335485 kc_text_block\"><\/div><\/div><\/div><\/p>\n<p style=\"text-align: left;\">8.858,56<\/p>\n<p>\n<div class=\"kc-elm kc-css-820442 kc_col-sm-1 kc_column kc_col-sm-1\"><div class=\"kc-col-container\"><div class=\"kc-elm kc-css-209674 kc_text_block\"><\/div><\/div><\/div><\/p>\n<p style=\"text-align: left;\">x<\/p>\n<p>\n<div class=\"kc-elm kc-css-973807 kc_col-sm-1 kc_column kc_col-sm-1\"><div class=\"kc-col-container\"><div class=\"kc-elm kc-css-306417 kc_text_block\"><\/div><\/div><\/div><\/p>\n<p style=\"text-align: left;\"><a href=\"https:\/\/www.socialnesrdcom.sk\/wp-content\/uploads\/2026\/03\/122026.pdf\">> pdf<\/a><\/p>\n<p>\n<section class=\"kc-elm kc-css-675198 kc_row\"><div class=\"kc-row-container\"><div class=\"kc-wrap-columns\"><div class=\"kc-elm kc-css-573901 kc_col-sm-1 kc_column kc_col-sm-1\"><div class=\"kc-col-container\"><div class=\"kc-elm kc-css-27636 kc_text_block\"><\/div><\/div><\/div><\/div><\/div><\/section><\/p>\n<p style=\"text-align: left;\">15\/2025<\/p>\n<p>\n<div class=\"kc-elm kc-css-310396 kc_col-sm-1 kc_column kc_col-sm-1\"><div class=\"kc-col-container\"><div class=\"kc-elm kc-css-379540 kc_text_block\"><\/div><\/div><\/div><\/p>\n<p>Dodatok<\/p>\n<p>\n<div class=\"kc-elm kc-css-230350 kc_col-sm-5 kc_column kc_col-sm-5\"><div class=\"kc-col-container\"><div class=\"kc-elm kc-css-780851 kc_text_block\"><\/div><\/div><\/div><\/p>\n<p style=\"text-align: left;\"><span class=\"BxUVEf ILfuVd\" lang=\"sk\"><span class=\"hgKElc\">Swietelsky-Slovakia spol. s r.o., Mokr\u00e1\u0148 z\u00e1hon 4, 821 04 BA (00896225)<\/span><\/span><\/p>\n<p>\n<div class=\"kc-elm kc-css-738687 kc_col-sm-1 kc_column kc_col-sm-1\"><div class=\"kc-col-container\"><div class=\"kc-elm kc-css-709110 kc_text_block\"><\/div><\/div><\/div><\/p>\n<p style=\"text-align: left;\">dod. \u010d. 3 k z 15\/2025<\/p>\n<p>\n<div class=\"kc-elm kc-css-948063 kc_col-sm-1 kc_column kc_col-sm-1\"><div class=\"kc-col-container\"><div class=\"kc-elm kc-css-100349 kc_text_block\"><\/div><\/div><\/div><\/p>\n<p style=\"text-align: left;\">1.485.137,62<\/p>\n<p>\n<div class=\"kc-elm kc-css-692386 kc_col-sm-1 kc_column kc_col-sm-1\"><div class=\"kc-col-container\"><div class=\"kc-elm kc-css-37809 kc_text_block\"><\/div><\/div><\/div><\/p>\n<p style=\"text-align: left;\">23.3.2026<\/p>\n<p>\n<div class=\"kc-elm kc-css-760826 kc_col-sm-1 kc_column kc_col-sm-1\"><div class=\"kc-col-container\"><div class=\"kc-elm kc-css-471470 kc_text_block\"><\/div><\/div><\/div><\/p>\n<p style=\"text-align: left;\"><a href=\"https:\/\/www.socialnesrdcom.sk\/wp-content\/uploads\/2026\/03\/Dodatok-3-k-152025.pdf\">> pdf<\/a><\/p>\n\n","protected":false},"excerpt":{"rendered":"","protected":false},"author":2,"featured_media":0,"parent":0,"menu_order":0,"comment_status":"closed","ping_status":"closed","template":"","meta":{"footnotes":""},"class_list":["post-5377","page","type-page","status-publish","hentry"],"_links":{"self":[{"href":"https:\/\/www.socialnesrdcom.sk\/index.php?rest_route=\/wp\/v2\/pages\/5377","targetHints":{"allow":["GET"]}}],"collection":[{"href":"https:\/\/www.socialnesrdcom.sk\/index.php?rest_route=\/wp\/v2\/pages"}],"about":[{"href":"https:\/\/www.socialnesrdcom.sk\/index.php?rest_route=\/wp\/v2\/types\/page"}],"author":[{"embeddable":true,"href":"https:\/\/www.socialnesrdcom.sk\/index.php?rest_route=\/wp\/v2\/users\/2"}],"replies":[{"embeddable":true,"href":"https:\/\/www.socialnesrdcom.sk\/index.php?rest_route=%2Fwp%2Fv2%2Fcomments&post=5377"}],"version-history":[{"count":16,"href":"https:\/\/www.socialnesrdcom.sk\/index.php?rest_route=\/wp\/v2\/pages\/5377\/revisions"}],"predecessor-version":[{"id":5602,"href":"https:\/\/www.socialnesrdcom.sk\/index.php?rest_route=\/wp\/v2\/pages\/5377\/revisions\/5602"}],"wp:attachment":[{"href":"https:\/\/www.socialnesrdcom.sk\/index.php?rest_route=%2Fwp%2Fv2%2Fmedia&parent=5377"}],"curies":[{"name":"wp","href":"https:\/\/api.w.org\/{rel}","templated":true}]}}