{"id":789,"date":"2020-03-03T12:36:18","date_gmt":"2020-03-03T12:36:18","guid":{"rendered":"http:\/\/www.socialnesrdcom.sk\/?page_id=789"},"modified":"2026-03-05T11:42:15","modified_gmt":"2026-03-05T09:42:15","slug":"ekonomicky-opravnene-naklady","status":"publish","type":"page","link":"https:\/\/www.socialnesrdcom.sk\/?page_id=789","title":{"rendered":"Ekonomicky opr\u00e1vnen\u00e9 n\u00e1klady"},"content":{"rendered":"<section class=\"kc-elm kc-css-655352 kc_row\"><div class=\"kc-row-container  kc-container\"><div class=\"kc-wrap-columns\"><div class=\"kc-elm kc-css-284249 kc_col-sm-12 kc_column kc_col-sm-12\"><div class=\"kc-col-container\"><div data-open-on-mouseover=\"\" data-tab-active=\"1\" data-effect-option=\"\" class=\"kc-elm kc-css-766803 kc_tabs group\">\n\t<div class=\"kc_wrapper ui-tabs kc_clearfix\">\n\t\t<ul class=\"kc_tabs_nav ui-tabs-nav kc_clearfix\">\n\t\t\t<li><a href=\"#\" data-prevent=\"scroll\">2025<\/a><\/li><li><a href=\"#\" data-prevent=\"scroll\">2024<\/a><\/li><li><a href=\"#\" data-prevent=\"scroll\">2023<\/a><\/li><li><a href=\"#\" data-prevent=\"scroll\">2022<\/a><\/li><li><a href=\"#\" data-prevent=\"scroll\">2021<\/a><\/li><li><a href=\"#\" data-prevent=\"scroll\">2020<\/a><\/li><li><a href=\"#\" data-prevent=\"scroll\">2019<\/a><\/li>\t\t<\/ul>\n\t\t<div id=\"2025\" class=\"kc-elm kc-css-42269 kc_tab ui-tabs-panel kc_ui-tabs-hide kc_clearfix \"><div class=\"kc_tab_content\"><div class=\"kc-elm kc-css-498160 kc_text_block\">\n<p><a href=\"https:\/\/www.socialnesrdcom.sk\/wp-content\/uploads\/2026\/03\/Ekonomicky-opravnene-naklady-2025.pdf\" target=\"_blank\" rel=\"noopener\">Ekonomicky opr\u00e1vnen\u00e9 n\u00e1klady 2025.pdf<\/a><\/p>\n<p><a href=\"https:\/\/www.socialnesrdcom.sk\/wp-content\/uploads\/2026\/03\/EON-za-rok-2025-podla-specifikacie.pdf\" target=\"_blank\" rel=\"noopener\">EON za rok 2025 pod\u013ea \u0161pecifik\u00e1cie.pdf<\/a><\/p>\n<\/div><\/div><\/div><div id=\"2024\" class=\"kc-elm kc-css-248371 kc_tab ui-tabs-panel kc_ui-tabs-hide kc_clearfix \"><div class=\"kc_tab_content\"><div class=\"kc-elm kc-css-273026 kc_text_block\">\n<div class=\"kc-elm kc-css-94656 kc_text_block\">\n<p><a href=\"http:\/\/www.socialnesrdcom.sk\/wp-content\/uploads\/2025\/03\/Ekonomicky-opravnene-naklady-2024.pdf\" target=\"_blank\" rel=\"noopener\">Ekonomicky opr\u00e1vnen\u00e9 n\u00e1klady 2024.pdf<\/a><\/p>\n<p><a href=\"http:\/\/www.socialnesrdcom.sk\/wp-content\/uploads\/2025\/03\/EON-za-rok-2024-podla-specifikacie.pdf\" target=\"_blank\" rel=\"noopener\">EON za rok 2024 pod\u013ea \u0161pecifik\u00e1cie.pdf<\/a><\/p>\n<\/div>\n<\/div><\/div><\/div><div id=\"2023\" class=\"kc-elm kc-css-316960 kc_tab ui-tabs-panel kc_ui-tabs-hide kc_clearfix \"><div class=\"kc_tab_content\"><div class=\"kc-elm kc-css-82627 kc_text_block\">\n<div class=\"kc-elm kc-css-94656 kc_text_block\">\n<p><a href=\"http:\/\/www.socialnesrdcom.sk\/wp-content\/uploads\/2024\/04\/EON-za-rok-2023.pdf\" target=\"_blank\" rel=\"noopener\">Ekonomicky opr\u00e1vnen\u00e9 n\u00e1klady 2023.pdf<\/a><\/p>\n<p><a href=\"http:\/\/www.socialnesrdcom.sk\/wp-content\/uploads\/2024\/04\/EON-za-rok-2023-podla-specifikacie.pdf\" target=\"_blank\" rel=\"noopener\">EON za rok 2023 pod\u013ea \u0161pecifik\u00e1cie.pdf<\/a><\/p>\n<\/div>\n<\/div><\/div><\/div><div id=\"2022\" class=\"kc-elm kc-css-633391 kc_tab ui-tabs-panel kc_ui-tabs-hide kc_clearfix \"><div class=\"kc_tab_content\"><div class=\"kc-elm kc-css-907496 kc_text_block\">\n<div class=\"kc-elm kc-css-94656 kc_text_block\">\n<p><a href=\"http:\/\/www.socialnesrdcom.sk\/wp-content\/uploads\/2023\/04\/EON-za-rok-2022-zverejneny-CSS-Kezmarok.pdf\" target=\"_blank\" rel=\"noopener\">Ekonomicky opr\u00e1vnen\u00e9 n\u00e1klady 2022 CSS Ke\u017emarok.pdf<\/a><\/p>\n<p><a href=\"http:\/\/www.socialnesrdcom.sk\/wp-content\/uploads\/2023\/05\/EON-podla-specifikacie-za-rok-2022-zverejneny-CSS-Kezmarok.pdf\" target=\"_blank\" rel=\"noopener\">EON za rok 2022 pod\u013ea \u0161pecifik\u00e1cie Ke\u017emarok.pdf<\/a><\/p>\n<\/div>\n<\/div><\/div><\/div><div id=\"2021\" class=\"kc-elm kc-css-322644 kc_tab ui-tabs-panel kc_ui-tabs-hide kc_clearfix \"><div class=\"kc_tab_content\"><div class=\"kc-elm kc-css-734278 kc_text_block\">\n<p>\n<a href=\"http:\/\/www.socialnesrdcom.sk\/wp-content\/uploads\/2022\/02\/EON-za-rok-2021-CSS-Kezmarok.pdf\" target=\"_blank\" rel=\"noopener\">Ekonomicky opr\u00e1vnen\u00e9 n\u00e1klady 2021 CSS Ke\u017emarok.pdf<\/a><\/p>\n<p><a href=\"http:\/\/www.socialnesrdcom.sk\/wp-content\/uploads\/2022\/04\/EON-za-rok-2021-podla-specifikacie.pdf\" target=\"_blank\" rel=\"noopener\">EON za rok 2021 pod\u013ea \u0161pecifik\u00e1cie.pdf<\/a><\/p>\n<\/div><\/div><\/div><div id=\"2020\" class=\"kc-elm kc-css-912305 kc_tab ui-tabs-panel kc_ui-tabs-hide kc_clearfix \"><div class=\"kc_tab_content\"><div class=\"kc-elm kc-css-833261 kc_text_block\">\n<p>\n<a href=\"http:\/\/www.socialnesrdcom.sk\/wp-content\/uploads\/2021\/02\/EON-za-rok-2020-CSS-Kezmarok.pdf\" target=\"_blank\" rel=\"noopener\">Ekonomicky opr\u00e1vnen\u00e9 n\u00e1klady 2020 CSS Ke\u017emarok.pdf<\/a><\/p>\n<p><a href=\"http:\/\/www.socialnesrdcom.sk\/wp-content\/uploads\/2021\/04\/EON-za-rok-2020-podla-specifikacie.pdf\" target=\"_blank\" rel=\"noopener\">Ekonomicky opr\u00e1vnen\u00e9 n\u00e1klady 2020 CSS Ke\u017emarok pod\u013ea \u0161pecifik\u00e1cie.pdf<\/a><\/p>\n<\/div><\/div><\/div><div id=\"2019\" class=\"kc-elm kc-css-755699 kc_tab ui-tabs-panel kc_ui-tabs-hide kc_clearfix \"><div class=\"kc_tab_content\"><div class=\"kc-elm kc-css-963135 kc_text_block\">\n<p>\n<a href=\"http:\/\/www.socialnesrdcom.sk\/wp-content\/uploads\/2020\/03\/EON.pdf\" target=\"_blank\" rel=\"noopener\">Ekonomicky opr\u00e1vnen\u00e9 n\u00e1klady 2019.pdf<\/a><\/p>\n<p><a href=\"http:\/\/www.socialnesrdcom.sk\/wp-content\/uploads\/2020\/05\/EON-za-rok-2019-pod\u013ea-\u0161pecifik\u00e1cie.pdf\" target=\"_blank\" rel=\"noopener\">EON za rok 2019 pod\u013ea \u0161pecifik\u00e1cie.pdf<\/a><\/p>\n<\/div><\/div><\/div>\t<\/div>\n<\/div>\n\n\n<\/div><\/div><\/div><\/div><\/section>\n","protected":false},"excerpt":{"rendered":"","protected":false},"author":2,"featured_media":0,"parent":0,"menu_order":0,"comment_status":"closed","ping_status":"closed","template":"","meta":{"footnotes":""},"class_list":["post-789","page","type-page","status-publish","hentry"],"_links":{"self":[{"href":"https:\/\/www.socialnesrdcom.sk\/index.php?rest_route=\/wp\/v2\/pages\/789","targetHints":{"allow":["GET"]}}],"collection":[{"href":"https:\/\/www.socialnesrdcom.sk\/index.php?rest_route=\/wp\/v2\/pages"}],"about":[{"href":"https:\/\/www.socialnesrdcom.sk\/index.php?rest_route=\/wp\/v2\/types\/page"}],"author":[{"embeddable":true,"href":"https:\/\/www.socialnesrdcom.sk\/index.php?rest_route=\/wp\/v2\/users\/2"}],"replies":[{"embeddable":true,"href":"https:\/\/www.socialnesrdcom.sk\/index.php?rest_route=%2Fwp%2Fv2%2Fcomments&post=789"}],"version-history":[{"count":17,"href":"https:\/\/www.socialnesrdcom.sk\/index.php?rest_route=\/wp\/v2\/pages\/789\/revisions"}],"predecessor-version":[{"id":5549,"href":"https:\/\/www.socialnesrdcom.sk\/index.php?rest_route=\/wp\/v2\/pages\/789\/revisions\/5549"}],"wp:attachment":[{"href":"https:\/\/www.socialnesrdcom.sk\/index.php?rest_route=%2Fwp%2Fv2%2Fmedia&parent=789"}],"curies":[{"name":"wp","href":"https:\/\/api.w.org\/{rel}","templated":true}]}}