{"id":87,"date":"2020-02-03T12:19:15","date_gmt":"2020-02-03T12:19:15","guid":{"rendered":"http:\/\/www.socialnesrdcom.sk\/?page_id=87"},"modified":"2020-02-26T14:44:40","modified_gmt":"2020-02-26T14:44:40","slug":"prava-mentalne-postihnutych-klientov","status":"publish","type":"page","link":"https:\/\/www.socialnesrdcom.sk\/?page_id=87","title":{"rendered":"Pr\u00e1va ment\u00e1lne postihnut\u00fdch klientov"},"content":{"rendered":"<section class=\"kc-elm kc-css-652479 kc_row\"><div class=\"kc-row-container  kc-container\"><div class=\"kc-wrap-columns\"><div class=\"kc-elm kc-css-24434 kc_column kc_col-sm-12\"><div class=\"kc-col-container\"><div class=\"kc-elm kc-css-585719 kc_text_block\">\n<div id=\"imCellStyle_12\" data-responsive-sequence-number=\"2\">\n<div id=\"imTextObject_12\">\n<div id=\"imTextObject_12_tab0\" class=\"text-tab-content\">\n<div class=\"text-inner\">\n<div style=\"text-align: justify;\"><span class=\"fs16\"><b><span class=\"cf1\">Jedno zo siedmych pr\u00e1v<\/span><\/b><span class=\"cf2\"><br \/>ment\u00e1lne postihnut\u00fdch klientov hovor\u00ed, \u017ee ak je to mo\u017en\u00e9, ment\u00e1lne postihnut\u00fd m\u00e1 \u017ei\u0165 s vlastnou rodinou alebo v zariaden\u00ed, ktor\u00e9 rodinu plne nahradzuje, ktor\u00e9 je podporovan\u00e9 spolo\u010dnos\u0165ou a podmienky tohto zariadenia musia by\u0165 \u010do najviac podobn\u00e9 norm\u00e1lnemu \u017eivotu. N\u00e1\u0161 domov sa preto sna\u017e\u00ed pribl\u00ed\u017ei\u0165 norm\u00e1lnym rodinn\u00fdm podmienkam, v ktor\u00fdch maj\u00fa vyrasta\u0165 v\u0161etky deti, o ktor\u00e9 sa \u017eia\u013e vlastn\u00ed rodi\u010dia z r\u00f4znych pr\u00ed\u010din nem\u00f4\u017eu sami postara\u0165. Preto v\u0161etci vo svojej pr\u00e1ci nadv\u00e4zujeme bli\u017e\u0161\u00ed kontakt s de\u0165mi a tak tvor\u00edme jednu ve\u013ek\u00fa rodinu.<\/span><\/span><\/div>\n<div style=\"text-align: justify;\"><span class=\"fs16 cf2\">1.2.1 Slu\u017eby pod\u013ea z\u00e1kona NR SR \u010d. 448\/2008 Z. z. o soci\u00e1lnych slu\u017eb\u00e1ch<\/span><\/div>\n<div style=\"text-align: justify;\">&nbsp;<\/div>\n<div style=\"text-align: justify;\"><span class=\"fs16\"><b><span class=\"cf1\">Soci\u00e1lna slu\u017eba<\/span><\/b><span class=\"cf2\"> je odborn\u00e1 \u010dinnos\u0165, obslu\u017en\u00e1 \u010dinnos\u0165 alebo \u010fal\u0161ia \u010dinnos\u0165 &nbsp;alebo s\u00fabor t\u00fdchto \u010dinnost\u00ed, ktor\u00e9 s\u00fa zameran\u00e9 na:<\/span><\/span><\/div>\n<div style=\"text-align: justify;\"><span class=\"fs16 cf2\">&#8211; prevenciu<br \/>&#8211; vznik nepriaznivej soci\u00e1lnej situ\u00e1cie<\/span><\/div>\n<div style=\"text-align: justify;\"><span class=\"fs16 cf2\">&#8211; rie\u0161enie alebo zmiernenie nepriaznivej soci\u00e1lnej situ\u00e1cie fyzickej osoby alebo rodiny<\/span><\/div>\n<div style=\"text-align: justify;\"><span class=\"fs16 cf2\">&#8211; zachovanie, obnovu alebo rozvoj schopnost\u00ed fyzickej osoby viest samostatn\u00fd \u017eivot a na podporu jej za\u010dlenenia do spolo\u010dnosti<\/span><\/div>\n<div style=\"text-align: justify;\"><span class=\"fs16 cf2\">&#8211; zabezpe\u010denie nevyhnutn\u00fdch podmienok na uspokojovanie z\u00e1kladn\u00fdch \u017eivotn\u00fdch potrieb fyzickej osoby<\/span><\/div>\n<div style=\"text-align: justify;\"><span class=\"fs16 cf2\">&#8211; rie\u0161enie kr\u00edzovej soci\u00e1lnej situ\u00e1cie fyzickej osoby a rodiny,<br \/>&#8211; prevenciu soci\u00e1lneho vyl\u00fa\u010denia fyzickej osoby a rodiny.<\/span><\/div>\n<div style=\"text-align: justify;\"><span class=\"fs16 cf2\"> &nbsp;&nbsp;&nbsp;&nbsp;<\/span><\/div>\n<div>\n<div style=\"text-align: justify;\"><span class=\"fs16 cf2\">Ka\u017ed\u00fd \u010dlovek je bez oh\u013eadu na svoj zjav \u010dlovekom s \u00faplnou \u013eudskou d\u00f4stojnos\u0165ou a neobmedzen\u00fdmi z\u00e1kladn\u00fdmi pr\u00e1vami. M\u00e1 pr\u00e1vo \u017ei\u0165 v \u013eudskom spolo\u010denstve a tu plne rozv\u00edja\u0165 svoju osobnos\u0165, schopnosti a potreby. Ment\u00e1lne postihnut\u00e9 osoby maj\u00fa rovnak\u00e9 potreby ako osoby zdrav\u00e9. Preto je z\u00e1kladn\u00fdm cie\u013eom umo\u017eni\u0165 im rozsiahlu \u00fa\u010das\u0165 na v\u0161etk\u00fdch spolo\u010densk\u00fdch vymo\u017eenostiach v spolo\u010dnom \u017eivote so zdrav\u00fdmi \u013eu\u010fmi a s\u00fa\u010dasne sa usilova\u0165 o to, aby ich spolo\u010dnos\u0165 uzn\u00e1vala a akceptovala ako osobnosti. V\u0161etci jedinci so zdravotn\u00fdm postihnut\u00edm s\u00fa prirodzenou s\u00fa\u010das\u0165ou na\u0161ej spolo\u010dnosti a preto vy\u017eaduj\u00fa uznanie, \u00factu, porozumenie ako v\u0161etci ob\u010dania na\u0161ej krajiny.<\/span><\/div>\n<\/div>\n<div>&nbsp;<\/div>\n<\/div>\n<\/div>\n<\/div>\n<\/div>\n<\/div><div class=\"kc-elm kc-css-692555 kc_text_block\">\n<p><a href=\"http:\/\/www.socialnesrdcom.sk\/\">&lt; sp\u00e4\u0165<\/a><\/p>\n<\/div><\/div><\/div><\/div><\/div><\/section>\n","protected":false},"excerpt":{"rendered":"","protected":false},"author":2,"featured_media":0,"parent":0,"menu_order":0,"comment_status":"closed","ping_status":"closed","template":"","meta":{"footnotes":""},"class_list":["post-87","page","type-page","status-publish","hentry"],"_links":{"self":[{"href":"https:\/\/www.socialnesrdcom.sk\/index.php?rest_route=\/wp\/v2\/pages\/87","targetHints":{"allow":["GET"]}}],"collection":[{"href":"https:\/\/www.socialnesrdcom.sk\/index.php?rest_route=\/wp\/v2\/pages"}],"about":[{"href":"https:\/\/www.socialnesrdcom.sk\/index.php?rest_route=\/wp\/v2\/types\/page"}],"author":[{"embeddable":true,"href":"https:\/\/www.socialnesrdcom.sk\/index.php?rest_route=\/wp\/v2\/users\/2"}],"replies":[{"embeddable":true,"href":"https:\/\/www.socialnesrdcom.sk\/index.php?rest_route=%2Fwp%2Fv2%2Fcomments&post=87"}],"version-history":[{"count":8,"href":"https:\/\/www.socialnesrdcom.sk\/index.php?rest_route=\/wp\/v2\/pages\/87\/revisions"}],"predecessor-version":[{"id":661,"href":"https:\/\/www.socialnesrdcom.sk\/index.php?rest_route=\/wp\/v2\/pages\/87\/revisions\/661"}],"wp:attachment":[{"href":"https:\/\/www.socialnesrdcom.sk\/index.php?rest_route=%2Fwp%2Fv2%2Fmedia&parent=87"}],"curies":[{"name":"wp","href":"https:\/\/api.w.org\/{rel}","templated":true}]}}